 {"id":10104,"date":"2026-04-30T21:07:39","date_gmt":"2026-04-30T19:07:39","guid":{"rendered":"https:\/\/musicsource.fr\/us\/?page_id=10104"},"modified":"2026-04-30T21:13:23","modified_gmt":"2026-04-30T19:13:23","slug":"application-mobile","status":"publish","type":"page","link":"https:\/\/musicsource.fr\/us\/application-mobile\/","title":{"rendered":"Application mobile"},"content":{"rendered":"\t\t<div data-elementor-type=\"wp-page\" data-elementor-id=\"10104\" class=\"elementor elementor-10104\">\n\t\t\t\t<div class=\"elementor-element elementor-element-9e62307 e-flex e-con-boxed e-con e-parent\" data-id=\"9e62307\" data-element_type=\"container\" data-e-type=\"container\">\n\t\t\t\t\t<div class=\"e-con-inner\">\n\t\t\t\t<div class=\"elementor-element elementor-element-2773835 elementor-widget elementor-widget-html\" data-id=\"2773835\" data-element_type=\"widget\" data-e-type=\"widget\" data-widget_type=\"html.default\">\n\t\t\t\t<div class=\"elementor-widget-container\">\n\t\t\t\t\t<style>\r\n\/* (inchang\u00e9) *\/\r\n* { margin: 0; padding: 0; box-sizing: border-box; }\r\n\r\n:root {\r\n  --bg: #f5f0e8;\r\n  --accent: #4a9ab5;\r\n  --accent-hover: #3d8aa3;\r\n  --brown: #8b6914;\r\n  --brown-light: #c49a2a;\r\n  --text-dark: #2c2c2c;\r\n  --text-body: #555555;\r\n  --text-light: #888888;\r\n  --white: #ffffff;\r\n  --shadow: rgba(0, 0, 0, 0.08);\r\n}\r\n\r\n.container {\r\n  position: relative;\r\n  z-index: 1;\r\n  width: 100%;\r\n  max-width: 440px;\r\n  padding: 32px 24px;\r\n  display: flex;\r\n  flex-direction: column;\r\n  align-items: center;\r\n  animation: fadeIn 0.6s ease-out forwards;\r\n  opacity: 0;\r\n}\r\n\r\n.logo-wrapper {\r\n  width: 100px;\r\n  height: 100px;\r\n  border-radius: 50%;\r\n  display: flex;\r\n  align-items: center;\r\n  justify-content: center;\r\n  margin-bottom: 36px;\r\n}\r\n\r\n.title {\r\n  font-family: 'Playfair Display', serif;\r\n  font-size: 26px;\r\n  font-weight: 600;\r\n  color: var(--text-dark);\r\n  text-align: center;\r\n  margin-bottom: 12px;\r\n}\r\n\r\n.subtitle {\r\n  font-size: 18px;\r\n  color: var(--text-body);\r\n  text-align: center;\r\n  line-height: 1.7;\r\n  margin-bottom: 36px;\r\n  max-width: 340px;\r\n}\r\n\r\n.card {\r\n  width: 100%;\r\n  background: var(--white);\r\n  border-radius: 16px;\r\n  padding: 28px 24px;\r\n  box-shadow: 0 4px 24px var(--shadow), 0 0 0 1px rgba(0, 0, 0, 0.03);\r\n  margin-bottom: 24px;\r\n}\r\n\r\n.store-buttons {\r\n  display: flex;\r\n  flex-direction: column;\r\n  gap: 12px;\r\n  width: 100%;\r\n}\r\n\r\n.store-btn {\r\n  display: flex;\r\n  align-items: center;\r\n  justify-content: center;\r\n  padding: 14px 20px;\r\n  border-radius: 12px;\r\n  text-decoration: none;\r\n  font-family: 'Lato', sans-serif;\r\n  transition: all 0.25s ease;\r\n  cursor: pointer;\r\n  border: 2px solid transparent;\r\n}\r\n\r\n.store-btn__inner {\r\n  display: flex;\r\n  align-items: center;\r\n  gap: 16px;\r\n  width: 200px;\r\n}\r\n\r\n.store-btn:active { transform: scale(0.98); }\r\n\r\n.store-btn--android {\r\n  background: var(--accent);\r\n  color: var(--white);\r\n  box-shadow: 0 4px 16px rgba(74, 154, 181, 0.25);\r\n}\r\n\r\n.store-btn--android:hover {\r\n  background: var(--accent-hover);\r\n  box-shadow: 0 6px 20px rgba(74, 154, 181, 0.35);\r\n}\r\n\r\n.store-btn--ios {\r\n  background: var(--white);\r\n  color: var(--text-dark);\r\n  border-color: #ddd;\r\n  box-shadow: 0 2px 8px rgba(0, 0, 0, 0.06);\r\n}\r\n\r\n.store-btn--ios:hover {\r\n  border-color: #ccc;\r\n  box-shadow: 0 4px 12px rgba(0, 0, 0, 0.1);\r\n}\r\n\r\n.store-btn__icon {\r\n  width: 40px;\r\n  height: 40px;\r\n  flex-shrink: 0;\r\n  display: flex;\r\n  align-items: center;\r\n  justify-content: center;\r\n}\r\n\r\n.store-btn__text {\r\n  display: flex;\r\n  flex-direction: column;\r\n}\r\n\r\n.store-btn__prefix {\r\n  font-size: 13px;\r\n  font-weight: 400;\r\n  opacity: 0.85;\r\n  letter-spacing: 0.2px;\r\n}\r\n\r\n.store-btn__name {\r\n  font-size: 20px;\r\n  font-weight: 700;\r\n  letter-spacing: -0.3px;\r\n  line-height: 1.2;\r\n}\r\n\r\n.store-btn--hidden { display: none; }\r\n\r\n.divider {\r\n  display: flex;\r\n  align-items: center;\r\n  gap: 16px;\r\n  width: 100%;\r\n  padding: 0 24px;\r\n  margin-bottom: 24px;\r\n  color: var(--text-light);\r\n  font-size: 12px;\r\n  text-transform: uppercase;\r\n  letter-spacing: 1.5px;\r\n}\r\n\r\n.divider::before, .divider::after {\r\n  content: '';\r\n  flex: 1;\r\n  height: 1px;\r\n  background: rgba(0, 0, 0, 0.08);\r\n}\r\n\r\n.footer {\r\n  text-align: center;\r\n  font-size: 15px;\r\n  color: var(--text-body);\r\n  line-height: 1.6;\r\n}\r\n\r\n.footer a {\r\n  color: var(--accent);\r\n  text-decoration: none;\r\n  font-weight: 600;\r\n  transition: color 0.2s;\r\n}\r\n\r\n.footer a:hover { color: var(--accent-hover); }\r\n\r\n.bottom-bar {\r\n  margin-top: 40px;\r\n  padding-top: 20px;\r\n  border-top: 1px solid rgba(0, 0, 0, 0.06);\r\n  text-align: center;\r\n  font-size: 13px;\r\n  color: var(--text-light);\r\n}\r\n\r\n.bottom-bar a {\r\n  color: var(--text-light);\r\n  text-decoration: none;\r\n}\r\n\r\n@media (min-width: 500px) {\r\n  .container { padding: 48px 24px; }\r\n  .title { font-size: 30px; }\r\n}\r\n<\/style>\r\n\r\n<div class=\"container\">\r\n  <div class=\"logo-wrapper\">\r\n    <img decoding=\"async\" src=\"https:\/\/musicsource.fr\/wp-content\/uploads\/2024\/02\/cropped-fav-icon.png\">\r\n  <\/div>\r\n\r\n  <h1 class=\"title\">Open in the app<\/h1>\r\n  <p class=\"subtitle\">\r\n    This content is only available in the Music Source app. Download it to access it.\r\n  <\/p>\r\n\r\n  <div class=\"card\">\r\n    <div class=\"store-buttons\">\r\n\r\n      <a id=\"btn-android\" class=\"store-btn store-btn--android\" href=\"#\" onclick=\"openAndroid(event)\">\r\n        <span class=\"store-btn__inner\">\r\n          <span class=\"store-btn__icon\">\r\n          <svg width=\"32\" height=\"32\" viewBox=\"0 0 512 512\" fill=\"white\"><path d=\"M325.3 234.3L104.6 13l280.8 161.2-60.1 60.1zM47 0C34 6.8 25.3 19.2 25.3 35.3v441.3c0 16.1 8.7 28.5 21.7 35.3l256.6-256L47 0zm425.2 225.6l-58.9-34.1-65.7 64.5 65.7 64.5 60.1-34.1c18-14.3 18-46.5-1.2-60.8zM104.6 499l280.8-161.2-60.1-60.1L104.6 499z\"\/><\/svg>\r\n          <\/span>\r\n          <span class=\"store-btn__text\">\r\n            <span class=\"store-btn__prefix\">Available on<\/span>\r\n            <span class=\"store-btn__name\">Google Play<\/span>\r\n          <\/span>\r\n        <\/span>\r\n      <\/a>\r\n\r\n      <a id=\"btn-ios\" class=\"store-btn store-btn--ios\" href=\"#\" onclick=\"openIOS(event)\">\r\n        <span class=\"store-btn__inner\">\r\n          <span class=\"store-btn__icon\">\r\n            <svg width=\"36\" height=\"36\" viewBox=\"0 0 24 24\" fill=\"#2c2c2c\"><path d=\"M18.71 19.5c-.83 1.24-1.71 2.45-3.05 2.47-1.34.03-1.77-.79-3.29-.79-1.53 0-2 .77-3.27.82-1.31.05-2.3-1.32-3.14-2.53C4.25 17 2.94 12.45 4.7 9.39c.87-1.52 2.43-2.48 4.12-2.51 1.28-.02 2.5.87 3.29.87.78 0 2.26-1.07 3.8-.91.65.03 2.47.26 3.64 1.98-.09.06-2.17 1.28-2.15 3.81.03 3.02 2.65 4.03 2.68 4.04-.03.07-.42 1.44-1.38 2.83M13 3.5c.73-.83 1.94-1.46 2.94-1.5.13 1.17-.34 2.35-1.04 3.19-.69.85-1.83 1.51-2.95 1.42-.15-1.15.41-2.35 1.05-3.11z\"\/><\/svg>\r\n          <\/span>\r\n          <span class=\"store-btn__text\">\r\n            <span class=\"store-btn__prefix\">Available on<\/span>\r\n            <span class=\"store-btn__name\">App Store<\/span>\r\n          <\/span>\r\n        <\/span>\r\n      <\/a>\r\n\r\n    <\/div>\r\n  <\/div>\r\n\r\n  <div class=\"divider\">or<\/div>\r\n\r\n  <p class=\"footer\">\r\n    Continue on the website<br>\r\n    <a href=\"https:\/\/musicsource.fr\/us\">musicsource.fr\/us<\/a>\r\n  <\/p>\r\n\r\n  <div class=\"bottom-bar\">\r\n    <a href=\"https:\/\/musicsource.fr\/us\">\u00a9 2026 Origins Group<\/a>\r\n  <\/div>\r\n<\/div>\r\n\r\n<script>\r\n\/* inchang\u00e9 *\/\r\nconst ua = navigator.userAgent.toLowerCase();\r\nconst isAndroid = \/android\/i.test(ua);\r\nconst isIOS = \/iphone|ipad|ipod\/i.test(ua);\r\n\r\nconst PLAY_STORE = \"market:\/\/details?id=fr.musicsource.musicsource\";\r\nconst PLAY_STORE_WEB = \"https:\/\/play.google.com\/store\/apps\/details?id=fr.musicsource.musicsource\";\r\nconst APP_STORE = \"itms-apps:\/\/apps.apple.com\/us\/app\/id1604781788\";\r\nconst APP_STORE_WEB = \"https:\/\/apps.apple.com\/us\/app\/id1604781788\";\r\n\r\nif (isAndroid) {\r\n  document.getElementById('btn-ios').classList.add('store-btn--hidden');\r\n} else if (isIOS) {\r\n  document.getElementById('btn-android').classList.add('store-btn--hidden');\r\n}\r\n\r\nfunction openAndroid(e) {\r\n  e.preventDefault();\r\n  window.location.href = isAndroid ? PLAY_STORE : PLAY_STORE_WEB;\r\n}\r\n\r\nfunction openIOS(e) {\r\n  e.preventDefault();\r\n  window.location.href = isIOS ? APP_STORE : APP_STORE_WEB;\r\n}\r\n<\/script>\t\t\t\t<\/div>\n\t\t\t\t<\/div>\n\t\t\t\t\t<\/div>\n\t\t\t\t<\/div>\n\t\t\t\t<\/div>\n\t\t","protected":false},"excerpt":{"rendered":"<p>Open in the app This content is only available in the Music Source app. Download it to access it. Available [&hellip;]<\/p>\n","protected":false},"author":19,"featured_media":0,"parent":0,"menu_order":0,"comment_status":"closed","ping_status":"closed","template":"","meta":{"_crdt_document":"{\"document\":\"AAAG\/KeZphgjCRYBHFAobAK8AQAVKAAhAScCKAQnACgeJwAEAKgCKAGo2gebB3N0YXRldmVyc2lvbmRvY3VtZW50ZGF0ZWRvY3VtZW50c3RhdHVzZG9jdW1lbnR0aXRsZWRvY3VtZW50Y29udGVudGRvY3VtZW50ZXhjZXJwdGRvY3VtZW50YXV0aG9yZG9jdW1lbnRmZWF0dXJlZF9tZWRpYWRvY3VtZW50Y29tbWVudF9zdGF0dXNkb2N1bWVudHBpbmdfc3RhdHVzZG9jdW1lbnR0ZW1wbGF0ZWRvY3VtZW50bWV0YXNpdGUtc2lkZWJhci1sYXlvdXRzaXRlLWNvbnRlbnQtbGF5b3V0YXN0LXNpdGUtY29udGVudC1sYXlvdXRzaXRlLWNvbnRlbnQtc3R5bGVzaXRlLXNpZGViYXItc3R5bGVhc3QtZ2xvYmFsLWhlYWRlci1kaXNwbGF5YXN0LWJhbm5lci10aXRsZS12aXNpYmlsaXR5YXN0LW1haW4taGVhZGVyLWRpc3BsYXlhc3QtaGZiLWFib3ZlLWhlYWRlci1kaXNwbGF5YXN0LWhmYi1iZWxvdy1oZWFkZXItZGlzcGxheWFzdC1oZmItbW9iaWxlLWhlYWRlci1kaXNwbGF5c2l0ZS1wb3N0LXRpdGxlYXN0LWJyZWFkY3J1bWJzLWNvbnRlbnRhc3QtZmVhdHVyZWQtaW1nZm9vdGVyLXNtbC1sYXlvdXRhc3QtZGlzYWJsZS1yZWxhdGVkLXBvc3RzdGhlbWUtdHJhbnNwYXJlbnQtaGVhZGVyLW1ldGFhZHYtaGVhZGVyLWlkLW1ldGFzdGljay1oZWFkZXItbWV0YWhlYWRlci1hYm92ZS1zdGljay1tZXRhaGVhZGVyLW1haW4tc3RpY2stbWV0YWhlYWRlci1iZWxvdy1zdGljay1tZXRhYXN0cmEtbWlncmF0ZS1tZXRhLWxheW91dHNhc3QtcGFnZS1iYWNrZ3JvdW5kLWVuYWJsZWRhc3QtcGFnZS1iYWNrZ3JvdW5kLW1ldGFhc3QtY29udGVudC1iYWNrZ3JvdW5kLW1ldGFmb290bm90ZXNfZWxlbWVudG9yX2VkaXRfbW9kZV9lbGVtZW50b3JfdGVtcGxhdGVfdHlwZV9lbGVtZW50b3JfZGF0YV9lbGVtZW50b3JfcGFnZV9zZXR0aW5nc2RvY3VtZW50YmxvY2tzQXBwbGljYXRpb24gbW9iaWxlc3RhdGVzYXZlZEF0c3RhdGVzYXZlZEJ5BQcIBAgGCAUIBwgHCAYIDggOCAtIAQRTABdSABkbF1wAHQ8XEBEZHRIRFxYXGhsYGwkUGA8YCAYSBQcFBwkBCwAeAQAAAAEEQgEBAAJBKwEzAH0BfRN9AHcGY2xvc2VkdwZjbG9zZWR3AHcHZGVmYXVsdHcAdwdkZWZhdWx0dwdkZWZhdWx0dwdkZWZhdWx0dwB3AHcAdwB3AHcAdwB3AHcAdwB3AHcAdwB3AHcAdwB3AHcHZGVmYXVsdHcHZGVmYXVsdHYDB2Rlc2t0b3B2DBBiYWNrZ3JvdW5kLWNvbG9ydxl2YXIoLS1hc3QtZ2xvYmFsLWNvbG9yLTQpEGJhY2tncm91bmQtaW1hZ2V3ABFiYWNrZ3JvdW5kLXJlcGVhdHcGcmVwZWF0E2JhY2tncm91bmQtcG9zaXRpb253DWNlbnRlciBjZW50ZXIPYmFja2dyb3VuZC1zaXpldwRhdXRvFWJhY2tncm91bmQtYXR0YWNobWVudHcGc2Nyb2xsD2JhY2tncm91bmQtdHlwZXcAEGJhY2tncm91bmQtbWVkaWF3AAxvdmVybGF5LXR5cGV3AA1vdmVybGF5LWNvbG9ydwAPb3ZlcmxheS1vcGFjaXR5dwAQb3ZlcmxheS1ncmFkaWVudHcABnRhYmxldHYMEGJhY2tncm91bmQtY29sb3J3ABBiYWNrZ3JvdW5kLWltYWdldwARYmFja2dyb3VuZC1yZXBlYXR3BnJlcGVhdBNiYWNrZ3JvdW5kLXBvc2l0aW9udw1jZW50ZXIgY2VudGVyD2JhY2tncm91bmQtc2l6ZXcEYXV0bxViYWNrZ3JvdW5kLWF0dGFjaG1lbnR3BnNjcm9sbA9iYWNrZ3JvdW5kLXR5cGV3ABBiYWNrZ3JvdW5kLW1lZGlhdwAMb3ZlcmxheS10eXBldwANb3ZlcmxheS1jb2xvcncAD292ZXJsYXktb3BhY2l0eXcAEG92ZXJsYXktZ3JhZGllbnR3AAZtb2JpbGV2DBBiYWNrZ3JvdW5kLWNvbG9ydwAQYmFja2dyb3VuZC1pbWFnZXcAEWJhY2tncm91bmQtcmVwZWF0dwZyZXBlYXQTYmFja2dyb3VuZC1wb3NpdGlvbncNY2VudGVyIGNlbnRlcg9iYWNrZ3JvdW5kLXNpemV3BGF1dG8VYmFja2dyb3VuZC1hdHRhY2htZW50dwZzY3JvbGwPYmFja2dyb3VuZC10eXBldwAQYmFja2dyb3VuZC1tZWRpYXcADG92ZXJsYXktdHlwZXcADW92ZXJsYXktY29sb3J3AA9vdmVybGF5LW9wYWNpdHl3ABBvdmVybGF5LWdyYWRpZW50dwB2AwdkZXNrdG9wdgwQYmFja2dyb3VuZC1jb2xvcncZdmFyKC0tYXN0LWdsb2JhbC1jb2xvci01KRBiYWNrZ3JvdW5kLWltYWdldwARYmFja2dyb3VuZC1yZXBlYXR3BnJlcGVhdBNiYWNrZ3JvdW5kLXBvc2l0aW9udw1jZW50ZXIgY2VudGVyD2JhY2tncm91bmQtc2l6ZXcEYXV0bxViYWNrZ3JvdW5kLWF0dGFjaG1lbnR3BnNjcm9sbA9iYWNrZ3JvdW5kLXR5cGV3ABBiYWNrZ3JvdW5kLW1lZGlhdwAMb3ZlcmxheS10eXBldwANb3ZlcmxheS1jb2xvcncAD292ZXJsYXktb3BhY2l0eXcAEG92ZXJsYXktZ3JhZGllbnR3AAZ0YWJsZXR2DBBiYWNrZ3JvdW5kLWNvbG9ydxl2YXIoLS1hc3QtZ2xvYmFsLWNvbG9yLTUpEGJhY2tncm91bmQtaW1hZ2V3ABFiYWNrZ3JvdW5kLXJlcGVhdHcGcmVwZWF0E2JhY2tncm91bmQtcG9zaXRpb253DWNlbnRlciBjZW50ZXIPYmFja2dyb3VuZC1zaXpldwRhdXRvFWJhY2tncm91bmQtYXR0YWNobWVudHcGc2Nyb2xsD2JhY2tncm91bmQtdHlwZXcAEGJhY2tncm91bmQtbWVkaWF3AAxvdmVybGF5LXR5cGV3AA1vdmVybGF5LWNvbG9ydwAPb3ZlcmxheS1vcGFjaXR5dwAQb3ZlcmxheS1ncmFkaWVudHcABm1vYmlsZXYMEGJhY2tncm91bmQtY29sb3J3GXZhcigtLWFzdC1nbG9iYWwtY29sb3ItNSkQYmFja2dyb3VuZC1pbWFnZXcAEWJhY2tncm91bmQtcmVwZWF0dwZyZXBlYXQTYmFja2dyb3VuZC1wb3NpdGlvbncNY2VudGVyIGNlbnRlcg9iYWNrZ3JvdW5kLXNpemV3BGF1dG8VYmFja2dyb3VuZC1hdHRhY2htZW50dwZzY3JvbGwPYmFja2dyb3VuZC10eXBldwAQYmFja2dyb3VuZC1tZWRpYXcADG92ZXJsYXktdHlwZXcADW92ZXJsYXktY29sb3J3AA9vdmVybGF5LW9wYWNpdHl3ABBvdmVybGF5LWdyYWRpZW50dwB3AHcAdwB3AH53CGRpc2FibGVkdxMyMDI2LTA0LTMwVDIxOjA3OjI3dwVkcmFmdHtCed38nyugAHtB6ExlP4AAAHcHcHJpdmF0ZQH804yTDAMBARQAKAA=\",\"updateId\":46276722}","site-sidebar-layout":"no-sidebar","site-content-layout":"","ast-site-content-layout":"full-width-container","site-content-style":"default","site-sidebar-style":"default","ast-global-header-display":"","ast-banner-title-visibility":"","ast-main-header-display":"","ast-hfb-above-header-display":"","ast-hfb-below-header-display":"","ast-hfb-mobile-header-display":"","site-post-title":"","ast-breadcrumbs-content":"","ast-featured-img":"disabled","footer-sml-layout":"","ast-disable-related-posts":"","theme-transparent-header-meta":"","adv-header-id-meta":"","stick-header-meta":"","header-above-stick-meta":"","header-main-stick-meta":"","header-below-stick-meta":"","astra-migrate-meta-layouts":"default","ast-page-background-enabled":"default","ast-page-background-meta":{"desktop":{"background-color":"var(--ast-global-color-4)","background-image":"","background-repeat":"repeat","background-position":"center center","background-size":"auto","background-attachment":"scroll","background-type":"","background-media":"","overlay-type":"","overlay-color":"","overlay-opacity":"","overlay-gradient":""},"tablet":{"background-color":"","background-image":"","background-repeat":"repeat","background-position":"center center","background-size":"auto","background-attachment":"scroll","background-type":"","background-media":"","overlay-type":"","overlay-color":"","overlay-opacity":"","overlay-gradient":""},"mobile":{"background-color":"","background-image":"","background-repeat":"repeat","background-position":"center center","background-size":"auto","background-attachment":"scroll","background-type":"","background-media":"","overlay-type":"","overlay-color":"","overlay-opacity":"","overlay-gradient":""}},"ast-content-background-meta":{"desktop":{"background-color":"var(--ast-global-color-5)","background-image":"","background-repeat":"repeat","background-position":"center center","background-size":"auto","background-attachment":"scroll","background-type":"","background-media":"","overlay-type":"","overlay-color":"","overlay-opacity":"","overlay-gradient":""},"tablet":{"background-color":"var(--ast-global-color-5)","background-image":"","background-repeat":"repeat","background-position":"center center","background-size":"auto","background-attachment":"scroll","background-type":"","background-media":"","overlay-type":"","overlay-color":"","overlay-opacity":"","overlay-gradient":""},"mobile":{"background-color":"var(--ast-global-color-5)","background-image":"","background-repeat":"repeat","background-position":"center center","background-size":"auto","background-attachment":"scroll","background-type":"","background-media":"","overlay-type":"","overlay-color":"","overlay-opacity":"","overlay-gradient":""}},"footnotes":""},"class_list":["post-10104","page","type-page","status-publish","hentry"],"yoast_head":"<!-- This site is optimized with the Yoast SEO plugin v27.5 - https:\/\/yoast.com\/product\/yoast-seo-wordpress\/ -->\n<title>Application mobile - Musique d&#039;ambiance pour les spas et instituts de beaut\u00e9<\/title>\n<meta name=\"description\" content=\"D\u00e9couvrez notre biblioth\u00e8que et nos radios, \u00e9coutez de la musique con\u00e7ue pour les instituts de beaut\u00e9, les spas et les salons de massage.\" \/>\n<meta name=\"robots\" content=\"index, follow, max-snippet:-1, max-image-preview:large, max-video-preview:-1\" \/>\n<link rel=\"canonical\" href=\"https:\/\/musicsource.fr\/us\/application-mobile\/\" \/>\n<meta property=\"og:locale\" content=\"en_US\" \/>\n<meta property=\"og:type\" content=\"article\" \/>\n<meta property=\"og:title\" content=\"Application mobile - Musique d&#039;ambiance pour les spas et instituts de beaut\u00e9\" \/>\n<meta property=\"og:description\" content=\"D\u00e9couvrez notre biblioth\u00e8que et nos radios, \u00e9coutez de la musique con\u00e7ue pour les instituts de beaut\u00e9, les spas et les salons de massage.\" \/>\n<meta property=\"og:url\" content=\"https:\/\/musicsource.fr\/us\/application-mobile\/\" \/>\n<meta property=\"og:site_name\" content=\"Music Source\" \/>\n<meta property=\"article:publisher\" content=\"https:\/\/www.facebook.com\/MusicSourceFrance\" \/>\n<meta property=\"article:modified_time\" content=\"2026-04-30T19:13:23+00:00\" \/>\n<meta property=\"og:image\" content=\"https:\/\/musicsource.fr\/wp-content\/uploads\/2024\/02\/cropped-fav-icon.png\" \/>\n<meta name=\"twitter:card\" content=\"summary_large_image\" \/>\n<meta name=\"twitter:label1\" content=\"Est. reading time\" \/>\n\t<meta name=\"twitter:data1\" content=\"1 minute\" \/>\n<script type=\"application\/ld+json\" class=\"yoast-schema-graph\">{\"@context\":\"https:\\\/\\\/schema.org\",\"@graph\":[{\"@type\":\"WebPage\",\"@id\":\"https:\\\/\\\/musicsource.fr\\\/us\\\/application-mobile\\\/\",\"url\":\"https:\\\/\\\/musicsource.fr\\\/us\\\/application-mobile\\\/\",\"name\":\"Application mobile - Musique d'ambiance pour les spas et instituts de beaut\u00e9\",\"isPartOf\":{\"@id\":\"https:\\\/\\\/musicsource.fr\\\/us\\\/#website\"},\"primaryImageOfPage\":{\"@id\":\"https:\\\/\\\/musicsource.fr\\\/us\\\/application-mobile\\\/#primaryimage\"},\"image\":{\"@id\":\"https:\\\/\\\/musicsource.fr\\\/us\\\/application-mobile\\\/#primaryimage\"},\"thumbnailUrl\":\"https:\\\/\\\/musicsource.fr\\\/wp-content\\\/uploads\\\/2024\\\/02\\\/cropped-fav-icon.png\",\"datePublished\":\"2026-04-30T19:07:39+00:00\",\"dateModified\":\"2026-04-30T19:13:23+00:00\",\"description\":\"D\u00e9couvrez notre biblioth\u00e8que et nos radios, \u00e9coutez de la musique con\u00e7ue pour les instituts de beaut\u00e9, les spas et les salons de massage.\",\"breadcrumb\":{\"@id\":\"https:\\\/\\\/musicsource.fr\\\/us\\\/application-mobile\\\/#breadcrumb\"},\"inLanguage\":\"en-US\",\"potentialAction\":[{\"@type\":\"ReadAction\",\"target\":[\"https:\\\/\\\/musicsource.fr\\\/us\\\/application-mobile\\\/\"]}]},{\"@type\":\"ImageObject\",\"inLanguage\":\"en-US\",\"@id\":\"https:\\\/\\\/musicsource.fr\\\/us\\\/application-mobile\\\/#primaryimage\",\"url\":\"https:\\\/\\\/musicsource.fr\\\/wp-content\\\/uploads\\\/2024\\\/02\\\/cropped-fav-icon.png\",\"contentUrl\":\"https:\\\/\\\/musicsource.fr\\\/wp-content\\\/uploads\\\/2024\\\/02\\\/cropped-fav-icon.png\"},{\"@type\":\"BreadcrumbList\",\"@id\":\"https:\\\/\\\/musicsource.fr\\\/us\\\/application-mobile\\\/#breadcrumb\",\"itemListElement\":[{\"@type\":\"ListItem\",\"position\":1,\"name\":\"Accueil\",\"item\":\"https:\\\/\\\/musicsource.fr\\\/us\\\/\"},{\"@type\":\"ListItem\",\"position\":2,\"name\":\"Application mobile\"}]},{\"@type\":\"WebSite\",\"@id\":\"https:\\\/\\\/musicsource.fr\\\/us\\\/#website\",\"url\":\"https:\\\/\\\/musicsource.fr\\\/us\\\/\",\"name\":\"Music Source\",\"description\":\"The music platform for wellness professionals\",\"publisher\":{\"@id\":\"https:\\\/\\\/musicsource.fr\\\/us\\\/#organization\"},\"potentialAction\":[{\"@type\":\"SearchAction\",\"target\":{\"@type\":\"EntryPoint\",\"urlTemplate\":\"https:\\\/\\\/musicsource.fr\\\/us\\\/?s={search_term_string}\"},\"query-input\":{\"@type\":\"PropertyValueSpecification\",\"valueRequired\":true,\"valueName\":\"search_term_string\"}}],\"inLanguage\":\"en-US\"},{\"@type\":\"Organization\",\"@id\":\"https:\\\/\\\/musicsource.fr\\\/us\\\/#organization\",\"name\":\"Music Source\",\"url\":\"https:\\\/\\\/musicsource.fr\\\/us\\\/\",\"logo\":{\"@type\":\"ImageObject\",\"inLanguage\":\"en-US\",\"@id\":\"https:\\\/\\\/musicsource.fr\\\/us\\\/#\\\/schema\\\/logo\\\/image\\\/\",\"url\":\"https:\\\/\\\/musicsource.fr\\\/us\\\/wp-content\\\/uploads\\\/2024\\\/06\\\/logo-good-e1646747199800.png\",\"contentUrl\":\"https:\\\/\\\/musicsource.fr\\\/us\\\/wp-content\\\/uploads\\\/2024\\\/06\\\/logo-good-e1646747199800.png\",\"width\":750,\"height\":753,\"caption\":\"Music Source\"},\"image\":{\"@id\":\"https:\\\/\\\/musicsource.fr\\\/us\\\/#\\\/schema\\\/logo\\\/image\\\/\"},\"sameAs\":[\"https:\\\/\\\/www.facebook.com\\\/MusicSourceFrance\",\"https:\\\/\\\/www.linkedin.com\\\/company\\\/musicsource\\\/\",\"https:\\\/\\\/www.instagram.com\\\/musicsourceapp\\\/\",\"https:\\\/\\\/www.youtube.com\\\/@MusicSource-jq4do\"]}]}<\/script>\n<!-- \/ Yoast SEO plugin. -->","yoast_head_json":{"title":"Application mobile - Musique d'ambiance pour les spas et instituts de beaut\u00e9","description":"D\u00e9couvrez notre biblioth\u00e8que et nos radios, \u00e9coutez de la musique con\u00e7ue pour les instituts de beaut\u00e9, les spas et les salons de massage.","robots":{"index":"index","follow":"follow","max-snippet":"max-snippet:-1","max-image-preview":"max-image-preview:large","max-video-preview":"max-video-preview:-1"},"canonical":"https:\/\/musicsource.fr\/us\/application-mobile\/","og_locale":"en_US","og_type":"article","og_title":"Application mobile - Musique d'ambiance pour les spas et instituts de beaut\u00e9","og_description":"D\u00e9couvrez notre biblioth\u00e8que et nos radios, \u00e9coutez de la musique con\u00e7ue pour les instituts de beaut\u00e9, les spas et les salons de massage.","og_url":"https:\/\/musicsource.fr\/us\/application-mobile\/","og_site_name":"Music Source","article_publisher":"https:\/\/www.facebook.com\/MusicSourceFrance","article_modified_time":"2026-04-30T19:13:23+00:00","og_image":[{"url":"https:\/\/musicsource.fr\/wp-content\/uploads\/2024\/02\/cropped-fav-icon.png","type":"","width":"","height":""}],"twitter_card":"summary_large_image","twitter_misc":{"Est. reading time":"1 minute"},"schema":{"@context":"https:\/\/schema.org","@graph":[{"@type":"WebPage","@id":"https:\/\/musicsource.fr\/us\/application-mobile\/","url":"https:\/\/musicsource.fr\/us\/application-mobile\/","name":"Application mobile - Musique d'ambiance pour les spas et instituts de beaut\u00e9","isPartOf":{"@id":"https:\/\/musicsource.fr\/us\/#website"},"primaryImageOfPage":{"@id":"https:\/\/musicsource.fr\/us\/application-mobile\/#primaryimage"},"image":{"@id":"https:\/\/musicsource.fr\/us\/application-mobile\/#primaryimage"},"thumbnailUrl":"https:\/\/musicsource.fr\/wp-content\/uploads\/2024\/02\/cropped-fav-icon.png","datePublished":"2026-04-30T19:07:39+00:00","dateModified":"2026-04-30T19:13:23+00:00","description":"D\u00e9couvrez notre biblioth\u00e8que et nos radios, \u00e9coutez de la musique con\u00e7ue pour les instituts de beaut\u00e9, les spas et les salons de massage.","breadcrumb":{"@id":"https:\/\/musicsource.fr\/us\/application-mobile\/#breadcrumb"},"inLanguage":"en-US","potentialAction":[{"@type":"ReadAction","target":["https:\/\/musicsource.fr\/us\/application-mobile\/"]}]},{"@type":"ImageObject","inLanguage":"en-US","@id":"https:\/\/musicsource.fr\/us\/application-mobile\/#primaryimage","url":"https:\/\/musicsource.fr\/wp-content\/uploads\/2024\/02\/cropped-fav-icon.png","contentUrl":"https:\/\/musicsource.fr\/wp-content\/uploads\/2024\/02\/cropped-fav-icon.png"},{"@type":"BreadcrumbList","@id":"https:\/\/musicsource.fr\/us\/application-mobile\/#breadcrumb","itemListElement":[{"@type":"ListItem","position":1,"name":"Accueil","item":"https:\/\/musicsource.fr\/us\/"},{"@type":"ListItem","position":2,"name":"Application mobile"}]},{"@type":"WebSite","@id":"https:\/\/musicsource.fr\/us\/#website","url":"https:\/\/musicsource.fr\/us\/","name":"Music Source","description":"The music platform for wellness professionals","publisher":{"@id":"https:\/\/musicsource.fr\/us\/#organization"},"potentialAction":[{"@type":"SearchAction","target":{"@type":"EntryPoint","urlTemplate":"https:\/\/musicsource.fr\/us\/?s={search_term_string}"},"query-input":{"@type":"PropertyValueSpecification","valueRequired":true,"valueName":"search_term_string"}}],"inLanguage":"en-US"},{"@type":"Organization","@id":"https:\/\/musicsource.fr\/us\/#organization","name":"Music Source","url":"https:\/\/musicsource.fr\/us\/","logo":{"@type":"ImageObject","inLanguage":"en-US","@id":"https:\/\/musicsource.fr\/us\/#\/schema\/logo\/image\/","url":"https:\/\/musicsource.fr\/us\/wp-content\/uploads\/2024\/06\/logo-good-e1646747199800.png","contentUrl":"https:\/\/musicsource.fr\/us\/wp-content\/uploads\/2024\/06\/logo-good-e1646747199800.png","width":750,"height":753,"caption":"Music Source"},"image":{"@id":"https:\/\/musicsource.fr\/us\/#\/schema\/logo\/image\/"},"sameAs":["https:\/\/www.facebook.com\/MusicSourceFrance","https:\/\/www.linkedin.com\/company\/musicsource\/","https:\/\/www.instagram.com\/musicsourceapp\/","https:\/\/www.youtube.com\/@MusicSource-jq4do"]}]}},"_links":{"self":[{"href":"https:\/\/musicsource.fr\/us\/wp-json\/wp\/v2\/pages\/10104","targetHints":{"allow":["GET"]}}],"collection":[{"href":"https:\/\/musicsource.fr\/us\/wp-json\/wp\/v2\/pages"}],"about":[{"href":"https:\/\/musicsource.fr\/us\/wp-json\/wp\/v2\/types\/page"}],"author":[{"embeddable":true,"href":"https:\/\/musicsource.fr\/us\/wp-json\/wp\/v2\/users\/19"}],"replies":[{"embeddable":true,"href":"https:\/\/musicsource.fr\/us\/wp-json\/wp\/v2\/comments?post=10104"}],"version-history":[{"count":5,"href":"https:\/\/musicsource.fr\/us\/wp-json\/wp\/v2\/pages\/10104\/revisions"}],"predecessor-version":[{"id":10117,"href":"https:\/\/musicsource.fr\/us\/wp-json\/wp\/v2\/pages\/10104\/revisions\/10117"}],"wp:attachment":[{"href":"https:\/\/musicsource.fr\/us\/wp-json\/wp\/v2\/media?parent=10104"}],"curies":[{"name":"wp","href":"https:\/\/api.w.org\/{rel}","templated":true}]}}