 {"id":1050,"date":"2024-02-29T11:08:35","date_gmt":"2024-02-29T10:08:35","guid":{"rendered":"https:\/\/preview.musicsource.fr\/?page_id=1050"},"modified":"2025-03-10T15:20:42","modified_gmt":"2025-03-10T14:20:42","slug":"inscription","status":"publish","type":"page","link":"https:\/\/musicsource.fr\/us\/inscription\/","title":{"rendered":"Inscription"},"content":{"rendered":"\t\t<div data-elementor-type=\"wp-page\" data-elementor-id=\"1050\" class=\"elementor elementor-1050\">\n\t\t\t\t<div class=\"elementor-element elementor-element-57470dee elementor-hidden-desktop elementor-hidden-tablet e-flex e-con-boxed e-con e-parent\" data-id=\"57470dee\" data-element_type=\"container\" data-e-type=\"container\" data-settings=\"{&quot;background_background&quot;:&quot;gradient&quot;}\">\n\t\t\t\t\t<div class=\"e-con-inner\">\n\t\t<div class=\"elementor-element elementor-element-5b1eed2f e-con-full e-flex e-con e-child\" data-id=\"5b1eed2f\" data-element_type=\"container\" data-e-type=\"container\">\n\t\t\t\t<div class=\"elementor-element elementor-element-79ac3c67 elementor-widget elementor-widget-heading\" data-id=\"79ac3c67\" data-element_type=\"widget\" data-e-type=\"widget\" data-widget_type=\"heading.default\">\n\t\t\t\t<div class=\"elementor-widget-container\">\n\t\t\t\t\t<h2 class=\"elementor-heading-title elementor-size-default\">Bienvenue<\/h2>\t\t\t\t<\/div>\n\t\t\t\t<\/div>\n\t\t\t\t<div class=\"elementor-element elementor-element-f4d8b59 elementor-widget elementor-widget-heading\" data-id=\"f4d8b59\" data-element_type=\"widget\" data-e-type=\"widget\" data-widget_type=\"heading.default\">\n\t\t\t\t<div class=\"elementor-widget-container\">\n\t\t\t\t\t<h2 class=\"elementor-heading-title elementor-size-default\">Inscrivez-vous pour d\u00e9couvrir Music Source<\/h2>\t\t\t\t<\/div>\n\t\t\t\t<\/div>\n\t\t\t\t<\/div>\n\t\t<div class=\"elementor-element elementor-element-c2b72e7 e-con-full elementor-hidden-mobile e-flex e-con e-child\" data-id=\"c2b72e7\" data-element_type=\"container\" data-e-type=\"container\">\n\t\t\t\t<div class=\"elementor-element elementor-element-7eb58aad elementor-widget elementor-widget-image\" data-id=\"7eb58aad\" data-element_type=\"widget\" data-e-type=\"widget\" data-widget_type=\"image.default\">\n\t\t\t\t<div class=\"elementor-widget-container\">\n\t\t\t\t\t\t\t\t\t\t\t\t\t\t\t<img fetchpriority=\"high\" decoding=\"async\" width=\"841\" height=\"1024\" src=\"https:\/\/musicsource.fr\/us\/wp-content\/uploads\/2024\/06\/MockupsModules-841x1024.png\" class=\"attachment-large size-large wp-image-3552\" alt=\"Image de l&#039;\u00e9cran Familles de l&#039;application mobile de Music source\" srcset=\"https:\/\/musicsource.fr\/us\/wp-content\/uploads\/2024\/06\/MockupsModules-841x1024.png 841w, https:\/\/musicsource.fr\/us\/wp-content\/uploads\/2024\/06\/MockupsModules-246x300.png 246w, https:\/\/musicsource.fr\/us\/wp-content\/uploads\/2024\/06\/MockupsModules-768x935.png 768w, https:\/\/musicsource.fr\/us\/wp-content\/uploads\/2024\/06\/MockupsModules-1262x1536.png 1262w, https:\/\/musicsource.fr\/us\/wp-content\/uploads\/2024\/06\/MockupsModules-1682x2048.png 1682w\" sizes=\"(max-width: 841px) 100vw, 841px\" \/>\t\t\t\t\t\t\t\t\t\t\t\t\t\t\t<\/div>\n\t\t\t\t<\/div>\n\t\t\t\t<\/div>\n\t\t\t\t\t<\/div>\n\t\t\t\t<\/div>\n\t\t<div class=\"elementor-element elementor-element-150e1a8a e-con-full e-flex e-con e-parent\" data-id=\"150e1a8a\" data-element_type=\"container\" data-e-type=\"container\">\n\t\t<div class=\"elementor-element elementor-element-25b14130 e-con-full elementor-hidden-mobile e-flex e-con e-child\" data-id=\"25b14130\" data-element_type=\"container\" data-e-type=\"container\" data-settings=\"{&quot;background_background&quot;:&quot;gradient&quot;}\">\n\t\t\t\t<div class=\"elementor-element elementor-element-3c21ffbc elementor-widget elementor-widget-heading\" data-id=\"3c21ffbc\" data-element_type=\"widget\" data-e-type=\"widget\" data-widget_type=\"heading.default\">\n\t\t\t\t<div class=\"elementor-widget-container\">\n\t\t\t\t\t<h2 class=\"elementor-heading-title elementor-size-default\">Welcome<\/h2>\t\t\t\t<\/div>\n\t\t\t\t<\/div>\n\t\t\t\t<div class=\"elementor-element elementor-element-932ff43 elementor-widget elementor-widget-image\" data-id=\"932ff43\" data-element_type=\"widget\" data-e-type=\"widget\" data-widget_type=\"image.default\">\n\t\t\t\t<div class=\"elementor-widget-container\">\n\t\t\t\t\t\t\t\t\t\t\t\t\t\t\t<img decoding=\"async\" width=\"280\" height=\"319\" src=\"https:\/\/musicsource.fr\/us\/wp-content\/uploads\/2024\/08\/Group-5.png\" class=\"attachment-large size-large wp-image-6463\" alt=\"\" srcset=\"https:\/\/musicsource.fr\/us\/wp-content\/uploads\/2024\/08\/Group-5.png 280w, https:\/\/musicsource.fr\/us\/wp-content\/uploads\/2024\/08\/Group-5-263x300.png 263w\" sizes=\"(max-width: 280px) 100vw, 280px\" \/>\t\t\t\t\t\t\t\t\t\t\t\t\t\t\t<\/div>\n\t\t\t\t<\/div>\n\t\t\t\t<div class=\"elementor-element elementor-element-1e32adc6 elementor-widget elementor-widget-text-editor\" data-id=\"1e32adc6\" data-element_type=\"widget\" data-e-type=\"widget\" data-widget_type=\"text-editor.default\">\n\t\t\t\t<div class=\"elementor-widget-container\">\n\t\t\t\t\t\t\t\t\t<p><span class=\"OYPEnA text-decoration-none text-strikethrough-none\">Inscrivez-vous pour d\u00e9couvrir Music Source<\/span><\/p>\t\t\t\t\t\t\t\t<\/div>\n\t\t\t\t<\/div>\n\t\t\t\t<\/div>\n\t\t<div class=\"elementor-element elementor-element-787cd6eb e-con-full e-flex e-con e-child\" data-id=\"787cd6eb\" data-element_type=\"container\" data-e-type=\"container\">\n\t\t\t\t<div class=\"elementor-element elementor-element-e7a8eb0 elementor-widget elementor-widget-image\" data-id=\"e7a8eb0\" data-element_type=\"widget\" data-e-type=\"widget\" id=\"continue\" data-widget_type=\"image.default\">\n\t\t\t\t<div class=\"elementor-widget-container\">\n\t\t\t\t\t\t\t\t\t\t\t\t\t\t\t\t<a href=\"\/us\/email-inscription\">\n\t\t\t\t\t\t\t<img decoding=\"async\" width=\"388\" height=\"201\" src=\"https:\/\/musicsource.fr\/us\/wp-content\/uploads\/2024\/11\/Mail-us.png\" class=\"elementor-animation-sink attachment-large size-large wp-image-7218\" alt=\"Continue with email address\" srcset=\"https:\/\/musicsource.fr\/us\/wp-content\/uploads\/2024\/11\/Mail-us.png 388w, https:\/\/musicsource.fr\/us\/wp-content\/uploads\/2024\/11\/Mail-us-300x155.png 300w\" sizes=\"(max-width: 388px) 100vw, 388px\" \/>\t\t\t\t\t\t\t\t<\/a>\n\t\t\t\t\t\t\t\t\t\t\t\t\t\t\t<\/div>\n\t\t\t\t<\/div>\n\t\t\t\t<div class=\"elementor-element elementor-element-6da8ec9 elementor-widget__width-initial elementor-widget elementor-widget-html\" data-id=\"6da8ec9\" data-element_type=\"widget\" data-e-type=\"widget\" data-widget_type=\"html.default\">\n\t\t\t\t<div class=\"elementor-widget-container\">\n\t\t\t\t\t<div style=\"display: flex;\r\n    flex-basis: 100%;\r\n    align-items: center;\r\n    color: #72777c;\r\n    margin: 20px 0 20px;\r\n    font-weight: bold;\">\r\n<div style=\"flex-grow: 1;background: #dddddd;height: 1px;font-size: 0;line-height: 0;margin: 0 8px;\"><\/div>\r\nOR\r\n<div style=\"flex-grow: 1;background: #dddddd;height: 1px;font-size: 0;line-height: 0;margin: 0 8px;\"><\/div><\/div>\t\t\t\t<\/div>\n\t\t\t\t<\/div>\n\t\t\t\t<div class=\"elementor-element elementor-element-af9c10e elementor-widget elementor-widget-shortcode\" data-id=\"af9c10e\" data-element_type=\"widget\" data-e-type=\"widget\" data-widget_type=\"shortcode.default\">\n\t\t\t\t<div class=\"elementor-widget-container\">\n\t\t\t\t\t\t\t<div class=\"elementor-shortcode\"><div class=\"nsl-container nsl-container-block\" data-align=\"left\"><div class=\"nsl-container-buttons\"><a href=\"https:\/\/musicsource.fr\/us\/?loginSocial=google\" rel=\"nofollow\" aria-label=\"Continue with &lt;b&gt;Google&lt;\/b&gt;\" data-plugin=\"nsl\" data-action=\"connect\" data-provider=\"google\" data-popupwidth=\"600\" data-popupheight=\"600\"><div class=\"nsl-button nsl-button-default nsl-button-google\" data-skin=\"light\" style=\"background-color:#fff;\"><div class=\"nsl-button-svg-container\"><svg xmlns=\"http:\/\/www.w3.org\/2000\/svg\" width=\"24\" height=\"24\" viewBox=\"0 0 24 24\"><path fill=\"#4285F4\" d=\"M20.64 12.2045c0-.6381-.0573-1.2518-.1636-1.8409H12v3.4814h4.8436c-.2086 1.125-.8427 2.0782-1.7959 2.7164v2.2581h2.9087c1.7018-1.5668 2.6836-3.874 2.6836-6.615z\"><\/path><path fill=\"#34A853\" d=\"M12 21c2.43 0 4.4673-.806 5.9564-2.1805l-2.9087-2.2581c-.8059.54-1.8368.859-3.0477.859-2.344 0-4.3282-1.5831-5.036-3.7104H3.9574v2.3318C5.4382 18.9832 8.4818 21 12 21z\"><\/path><path fill=\"#FBBC05\" d=\"M6.964 13.71c-.18-.54-.2822-1.1168-.2822-1.71s.1023-1.17.2823-1.71V7.9582H3.9573A8.9965 8.9965 0 0 0 3 12c0 1.4523.3477 2.8268.9573 4.0418L6.964 13.71z\"><\/path><path fill=\"#EA4335\" d=\"M12 6.5795c1.3214 0 2.5077.4541 3.4405 1.346l2.5813-2.5814C16.4632 3.8918 14.426 3 12 3 8.4818 3 5.4382 5.0168 3.9573 7.9582L6.964 10.29C7.6718 8.1627 9.6559 6.5795 12 6.5795z\"><\/path><\/svg><\/div><div class=\"nsl-button-label-container\">Continue with <b>Google<\/b><\/div><\/div><\/a><a href=\"https:\/\/musicsource.fr\/us\/?loginSocial=apple\" rel=\"nofollow\" aria-label=\"Continue with &lt;b&gt;Apple&lt;\/b&gt;\" data-plugin=\"nsl\" data-action=\"connect\" data-provider=\"apple\" data-popupwidth=\"600\" data-popupheight=\"600\"><div class=\"nsl-button nsl-button-default nsl-button-apple\" data-skin=\"light\" style=\"background-color:#fff;\"><div class=\"nsl-button-svg-container\"><svg xmlns=\"http:\/\/www.w3.org\/2000\/svg\" width=\"31\" height=\"44\" viewBox=\"0 0 31 44\"><rect width=\"31\" height=\"44\" fill=\"#FFF\"\/><path fill=\"#000\" fill-rule=\"nonzero\" d=\"M15.7099491,14.8846154 C16.5675461,14.8846154 17.642562,14.3048315 18.28274,13.5317864 C18.8625238,12.8312142 19.2852829,11.852829 19.2852829,10.8744437 C19.2852829,10.7415766 19.2732041,10.6087095 19.2490464,10.5 C18.2948188,10.5362365 17.1473299,11.140178 16.4588366,11.9494596 C15.9152893,12.56548 15.4200572,13.5317864 15.4200572,14.5222505 C15.4200572,14.6671964 15.4442149,14.8121424 15.4562937,14.8604577 C15.5166879,14.8725366 15.6133185,14.8846154 15.7099491,14.8846154 Z M12.6902416,29.5 C13.8618881,29.5 14.3812778,28.714876 15.8428163,28.714876 C17.3285124,28.714876 17.6546408,29.4758423 18.9591545,29.4758423 C20.2395105,29.4758423 21.0971074,28.292117 21.9063891,27.1325493 C22.8123013,25.8038779 23.1867451,24.4993643 23.2109027,24.4389701 C23.1263509,24.4148125 20.6743484,23.4122695 20.6743484,20.5979021 C20.6743484,18.1579784 22.6069612,17.0588048 22.7156707,16.974253 C21.4353147,15.1382708 19.490623,15.0899555 18.9591545,15.0899555 C17.5217737,15.0899555 16.3501271,15.9596313 15.6133185,15.9596313 C14.8161157,15.9596313 13.7652575,15.1382708 12.521138,15.1382708 C10.1536872,15.1382708 7.75,17.0950413 7.75,20.7911634 C7.75,23.0861411 8.64383344,25.513986 9.74300699,27.0842339 C10.6851558,28.4129053 11.5065162,29.5 12.6902416,29.5 Z\"\/><\/svg><\/div><div class=\"nsl-button-label-container\">Continue with <b>Apple<\/b><\/div><\/div><\/a><\/div><\/div><\/div>\n\t\t\t\t\t\t<\/div>\n\t\t\t\t<\/div>\n\t\t\t\t<div class=\"elementor-element elementor-element-8ed15ff elementor-widget elementor-widget-html\" data-id=\"8ed15ff\" data-element_type=\"widget\" data-e-type=\"widget\" data-widget_type=\"html.default\">\n\t\t\t\t<div class=\"elementor-widget-container\">\n\t\t\t\t\t<script>\n    function getCookie(name) {\n\t    var nameEQ = name + \"=\";\n\t    var ca = document.cookie.split(';');\n\t    for(var i=0;i < ca.length;i++) {\n\t        var c = ca[i];\n\t        while (c.charAt(0)==' ') c = c.substring(1,c.length);\n\t        if (c.indexOf(nameEQ) == 0) return c.substring(nameEQ.length,c.length);\n\t    }\n\t    return null;\n\t}\n\tlet salon = getCookie(\"salon\")\n\tif (salon)\n        document.getElementById(\"continue\").querySelector(\"a\").href = \"\/us\/email-inscription-salon\"\n<\/script>\t\t\t\t<\/div>\n\t\t\t\t<\/div>\n\t\t\t\t<\/div>\n\t\t\t\t<\/div>\n\t\t\t\t<\/div>\n\t\t","protected":false},"excerpt":{"rendered":"<p>Bienvenue Inscrivez-vous pour d\u00e9couvrir Music Source Welcome Inscrivez-vous pour d\u00e9couvrir Music Source OR<\/p>\n","protected":false},"author":19,"featured_media":0,"parent":0,"menu_order":0,"comment_status":"closed","ping_status":"closed","template":"","meta":{"_crdt_document":"","site-sidebar-layout":"no-sidebar","site-content-layout":"","ast-site-content-layout":"full-width-container","site-content-style":"default","site-sidebar-style":"default","ast-global-header-display":"","ast-banner-title-visibility":"","ast-main-header-display":"","ast-hfb-above-header-display":"","ast-hfb-below-header-display":"","ast-hfb-mobile-header-display":"","site-post-title":"disabled","ast-breadcrumbs-content":"","ast-featured-img":"disabled","footer-sml-layout":"","ast-disable-related-posts":"","theme-transparent-header-meta":"","adv-header-id-meta":"","stick-header-meta":"","header-above-stick-meta":"","header-main-stick-meta":"","header-below-stick-meta":"","astra-migrate-meta-layouts":"default","ast-page-background-enabled":"default","ast-page-background-meta":{"desktop":{"background-color":"var(--ast-global-color-4)","background-image":"","background-repeat":"repeat","background-position":"center center","background-size":"auto","background-attachment":"scroll","background-type":"","background-media":"","overlay-type":"","overlay-color":"","overlay-opacity":"","overlay-gradient":""},"tablet":{"background-color":"","background-image":"","background-repeat":"repeat","background-position":"center center","background-size":"auto","background-attachment":"scroll","background-type":"","background-media":"","overlay-type":"","overlay-color":"","overlay-opacity":"","overlay-gradient":""},"mobile":{"background-color":"","background-image":"","background-repeat":"repeat","background-position":"center center","background-size":"auto","background-attachment":"scroll","background-type":"","background-media":"","overlay-type":"","overlay-color":"","overlay-opacity":"","overlay-gradient":""}},"ast-content-background-meta":{"desktop":{"background-color":"var(--ast-global-color-5)","background-image":"","background-repeat":"repeat","background-position":"center center","background-size":"auto","background-attachment":"scroll","background-type":"","background-media":"","overlay-type":"","overlay-color":"","overlay-opacity":"","overlay-gradient":""},"tablet":{"background-color":"var(--ast-global-color-5)","background-image":"","background-repeat":"repeat","background-position":"center center","background-size":"auto","background-attachment":"scroll","background-type":"","background-media":"","overlay-type":"","overlay-color":"","overlay-opacity":"","overlay-gradient":""},"mobile":{"background-color":"var(--ast-global-color-5)","background-image":"","background-repeat":"repeat","background-position":"center center","background-size":"auto","background-attachment":"scroll","background-type":"","background-media":"","overlay-type":"","overlay-color":"","overlay-opacity":"","overlay-gradient":""}},"footnotes":""},"class_list":["post-1050","page","type-page","status-publish","hentry"],"yoast_head":"<!-- This site is optimized with the Yoast SEO plugin v27.2 - https:\/\/yoast.com\/product\/yoast-seo-wordpress\/ -->\n<title>Inscription - Musique d&#039;ambiance pour les spas et instituts de beaut\u00e9<\/title>\n<meta name=\"description\" content=\"D\u00e9couvrez notre biblioth\u00e8que et nos radios, \u00e9coutez de la musique con\u00e7ue pour les instituts de beaut\u00e9, les spas et les salons de massage.\" \/>\n<meta name=\"robots\" content=\"noindex, follow\" \/>\n<meta property=\"og:locale\" content=\"en_US\" \/>\n<meta property=\"og:type\" content=\"article\" \/>\n<meta property=\"og:title\" content=\"Inscription - Musique d&#039;ambiance pour les spas et instituts de beaut\u00e9\" \/>\n<meta property=\"og:description\" content=\"D\u00e9couvrez notre biblioth\u00e8que et nos radios, \u00e9coutez de la musique con\u00e7ue pour les instituts de beaut\u00e9, les spas et les salons de massage.\" \/>\n<meta property=\"og:url\" content=\"https:\/\/musicsource.fr\/us\/inscription\/\" \/>\n<meta property=\"og:site_name\" content=\"Music Source\" \/>\n<meta property=\"article:publisher\" content=\"https:\/\/www.facebook.com\/MusicSourceFrance\" \/>\n<meta property=\"article:modified_time\" content=\"2025-03-10T14:20:42+00:00\" \/>\n<meta property=\"og:image\" content=\"https:\/\/musicsource.fr\/us\/wp-content\/uploads\/2024\/06\/MockupsModules-841x1024.png\" \/>\n<meta name=\"twitter:card\" content=\"summary_large_image\" \/>\n<meta name=\"twitter:label1\" content=\"Est. reading time\" \/>\n\t<meta name=\"twitter:data1\" content=\"1 minute\" \/>\n<script type=\"application\/ld+json\" class=\"yoast-schema-graph\">{\"@context\":\"https:\/\/schema.org\",\"@graph\":[{\"@type\":\"WebPage\",\"@id\":\"https:\/\/musicsource.fr\/us\/inscription\/\",\"url\":\"https:\/\/musicsource.fr\/us\/inscription\/\",\"name\":\"Inscription - Musique d'ambiance pour les spas et instituts de beaut\u00e9\",\"isPartOf\":{\"@id\":\"https:\/\/musicsource.fr\/us\/#website\"},\"primaryImageOfPage\":{\"@id\":\"https:\/\/musicsource.fr\/us\/inscription\/#primaryimage\"},\"image\":{\"@id\":\"https:\/\/musicsource.fr\/us\/inscription\/#primaryimage\"},\"thumbnailUrl\":\"https:\/\/musicsource.fr\/us\/wp-content\/uploads\/2024\/06\/MockupsModules-841x1024.png\",\"datePublished\":\"2024-02-29T10:08:35+00:00\",\"dateModified\":\"2025-03-10T14:20:42+00:00\",\"description\":\"D\u00e9couvrez notre biblioth\u00e8que et nos radios, \u00e9coutez de la musique con\u00e7ue pour les instituts de beaut\u00e9, les spas et les salons de massage.\",\"breadcrumb\":{\"@id\":\"https:\/\/musicsource.fr\/us\/inscription\/#breadcrumb\"},\"inLanguage\":\"en-US\",\"potentialAction\":[{\"@type\":\"ReadAction\",\"target\":[\"https:\/\/musicsource.fr\/us\/inscription\/\"]}]},{\"@type\":\"ImageObject\",\"inLanguage\":\"en-US\",\"@id\":\"https:\/\/musicsource.fr\/us\/inscription\/#primaryimage\",\"url\":\"https:\/\/musicsource.fr\/us\/wp-content\/uploads\/2024\/06\/MockupsModules.png\",\"contentUrl\":\"https:\/\/musicsource.fr\/us\/wp-content\/uploads\/2024\/06\/MockupsModules.png\",\"width\":4904,\"height\":5971,\"caption\":\"Image de l'\u00e9cran Familles de l'application mobile de Music source\"},{\"@type\":\"BreadcrumbList\",\"@id\":\"https:\/\/musicsource.fr\/us\/inscription\/#breadcrumb\",\"itemListElement\":[{\"@type\":\"ListItem\",\"position\":1,\"name\":\"Accueil\",\"item\":\"https:\/\/musicsource.fr\/us\/\"},{\"@type\":\"ListItem\",\"position\":2,\"name\":\"Inscription\"}]},{\"@type\":\"WebSite\",\"@id\":\"https:\/\/musicsource.fr\/us\/#website\",\"url\":\"https:\/\/musicsource.fr\/us\/\",\"name\":\"Music Source\",\"description\":\"The music platform for wellness professionals\",\"publisher\":{\"@id\":\"https:\/\/musicsource.fr\/us\/#organization\"},\"potentialAction\":[{\"@type\":\"SearchAction\",\"target\":{\"@type\":\"EntryPoint\",\"urlTemplate\":\"https:\/\/musicsource.fr\/us\/?s={search_term_string}\"},\"query-input\":{\"@type\":\"PropertyValueSpecification\",\"valueRequired\":true,\"valueName\":\"search_term_string\"}}],\"inLanguage\":\"en-US\"},{\"@type\":\"Organization\",\"@id\":\"https:\/\/musicsource.fr\/us\/#organization\",\"name\":\"Music Source\",\"url\":\"https:\/\/musicsource.fr\/us\/\",\"logo\":{\"@type\":\"ImageObject\",\"inLanguage\":\"en-US\",\"@id\":\"https:\/\/musicsource.fr\/us\/#\/schema\/logo\/image\/\",\"url\":\"https:\/\/musicsource.fr\/us\/wp-content\/uploads\/2024\/06\/logo-good-e1646747199800.png\",\"contentUrl\":\"https:\/\/musicsource.fr\/us\/wp-content\/uploads\/2024\/06\/logo-good-e1646747199800.png\",\"width\":750,\"height\":753,\"caption\":\"Music Source\"},\"image\":{\"@id\":\"https:\/\/musicsource.fr\/us\/#\/schema\/logo\/image\/\"},\"sameAs\":[\"https:\/\/www.facebook.com\/MusicSourceFrance\",\"https:\/\/www.linkedin.com\/company\/musicsource\/\",\"https:\/\/www.instagram.com\/musicsourceapp\/\",\"https:\/\/www.youtube.com\/@MusicSource-jq4do\"]}]}<\/script>\n<!-- \/ Yoast SEO plugin. -->","yoast_head_json":{"title":"Inscription - Musique d'ambiance pour les spas et instituts de beaut\u00e9","description":"D\u00e9couvrez notre biblioth\u00e8que et nos radios, \u00e9coutez de la musique con\u00e7ue pour les instituts de beaut\u00e9, les spas et les salons de massage.","robots":{"index":"noindex","follow":"follow"},"og_locale":"en_US","og_type":"article","og_title":"Inscription - Musique d'ambiance pour les spas et instituts de beaut\u00e9","og_description":"D\u00e9couvrez notre biblioth\u00e8que et nos radios, \u00e9coutez de la musique con\u00e7ue pour les instituts de beaut\u00e9, les spas et les salons de massage.","og_url":"https:\/\/musicsource.fr\/us\/inscription\/","og_site_name":"Music Source","article_publisher":"https:\/\/www.facebook.com\/MusicSourceFrance","article_modified_time":"2025-03-10T14:20:42+00:00","og_image":[{"url":"https:\/\/musicsource.fr\/us\/wp-content\/uploads\/2024\/06\/MockupsModules-841x1024.png","type":"","width":"","height":""}],"twitter_card":"summary_large_image","twitter_misc":{"Est. reading time":"1 minute"},"schema":{"@context":"https:\/\/schema.org","@graph":[{"@type":"WebPage","@id":"https:\/\/musicsource.fr\/us\/inscription\/","url":"https:\/\/musicsource.fr\/us\/inscription\/","name":"Inscription - Musique d'ambiance pour les spas et instituts de beaut\u00e9","isPartOf":{"@id":"https:\/\/musicsource.fr\/us\/#website"},"primaryImageOfPage":{"@id":"https:\/\/musicsource.fr\/us\/inscription\/#primaryimage"},"image":{"@id":"https:\/\/musicsource.fr\/us\/inscription\/#primaryimage"},"thumbnailUrl":"https:\/\/musicsource.fr\/us\/wp-content\/uploads\/2024\/06\/MockupsModules-841x1024.png","datePublished":"2024-02-29T10:08:35+00:00","dateModified":"2025-03-10T14:20:42+00:00","description":"D\u00e9couvrez notre biblioth\u00e8que et nos radios, \u00e9coutez de la musique con\u00e7ue pour les instituts de beaut\u00e9, les spas et les salons de massage.","breadcrumb":{"@id":"https:\/\/musicsource.fr\/us\/inscription\/#breadcrumb"},"inLanguage":"en-US","potentialAction":[{"@type":"ReadAction","target":["https:\/\/musicsource.fr\/us\/inscription\/"]}]},{"@type":"ImageObject","inLanguage":"en-US","@id":"https:\/\/musicsource.fr\/us\/inscription\/#primaryimage","url":"https:\/\/musicsource.fr\/us\/wp-content\/uploads\/2024\/06\/MockupsModules.png","contentUrl":"https:\/\/musicsource.fr\/us\/wp-content\/uploads\/2024\/06\/MockupsModules.png","width":4904,"height":5971,"caption":"Image de l'\u00e9cran Familles de l'application mobile de Music source"},{"@type":"BreadcrumbList","@id":"https:\/\/musicsource.fr\/us\/inscription\/#breadcrumb","itemListElement":[{"@type":"ListItem","position":1,"name":"Accueil","item":"https:\/\/musicsource.fr\/us\/"},{"@type":"ListItem","position":2,"name":"Inscription"}]},{"@type":"WebSite","@id":"https:\/\/musicsource.fr\/us\/#website","url":"https:\/\/musicsource.fr\/us\/","name":"Music Source","description":"The music platform for wellness professionals","publisher":{"@id":"https:\/\/musicsource.fr\/us\/#organization"},"potentialAction":[{"@type":"SearchAction","target":{"@type":"EntryPoint","urlTemplate":"https:\/\/musicsource.fr\/us\/?s={search_term_string}"},"query-input":{"@type":"PropertyValueSpecification","valueRequired":true,"valueName":"search_term_string"}}],"inLanguage":"en-US"},{"@type":"Organization","@id":"https:\/\/musicsource.fr\/us\/#organization","name":"Music Source","url":"https:\/\/musicsource.fr\/us\/","logo":{"@type":"ImageObject","inLanguage":"en-US","@id":"https:\/\/musicsource.fr\/us\/#\/schema\/logo\/image\/","url":"https:\/\/musicsource.fr\/us\/wp-content\/uploads\/2024\/06\/logo-good-e1646747199800.png","contentUrl":"https:\/\/musicsource.fr\/us\/wp-content\/uploads\/2024\/06\/logo-good-e1646747199800.png","width":750,"height":753,"caption":"Music Source"},"image":{"@id":"https:\/\/musicsource.fr\/us\/#\/schema\/logo\/image\/"},"sameAs":["https:\/\/www.facebook.com\/MusicSourceFrance","https:\/\/www.linkedin.com\/company\/musicsource\/","https:\/\/www.instagram.com\/musicsourceapp\/","https:\/\/www.youtube.com\/@MusicSource-jq4do"]}]}},"_links":{"self":[{"href":"https:\/\/musicsource.fr\/us\/wp-json\/wp\/v2\/pages\/1050","targetHints":{"allow":["GET"]}}],"collection":[{"href":"https:\/\/musicsource.fr\/us\/wp-json\/wp\/v2\/pages"}],"about":[{"href":"https:\/\/musicsource.fr\/us\/wp-json\/wp\/v2\/types\/page"}],"author":[{"embeddable":true,"href":"https:\/\/musicsource.fr\/us\/wp-json\/wp\/v2\/users\/19"}],"replies":[{"embeddable":true,"href":"https:\/\/musicsource.fr\/us\/wp-json\/wp\/v2\/comments?post=1050"}],"version-history":[{"count":124,"href":"https:\/\/musicsource.fr\/us\/wp-json\/wp\/v2\/pages\/1050\/revisions"}],"predecessor-version":[{"id":8330,"href":"https:\/\/musicsource.fr\/us\/wp-json\/wp\/v2\/pages\/1050\/revisions\/8330"}],"wp:attachment":[{"href":"https:\/\/musicsource.fr\/us\/wp-json\/wp\/v2\/media?parent=1050"}],"curies":[{"name":"wp","href":"https:\/\/api.w.org\/{rel}","templated":true}]}}