 {"id":20,"date":"2024-01-24T08:53:14","date_gmt":"2024-01-24T07:53:14","guid":{"rendered":"https:\/\/preview.musicsource.fr\/?page_id=20"},"modified":"2025-12-08T16:56:23","modified_gmt":"2025-12-08T15:56:23","slug":"la-sacem","status":"publish","type":"page","link":"https:\/\/musicsource.fr\/us\/la-sacem\/","title":{"rendered":"La Sacem"},"content":{"rendered":"\t\t<div data-elementor-type=\"wp-page\" data-elementor-id=\"20\" class=\"elementor elementor-20\">\n\t\t\t\t<div class=\"elementor-element elementor-element-7d754774 e-flex e-con-boxed e-con e-parent\" data-id=\"7d754774\" data-element_type=\"container\" data-e-type=\"container\" data-settings=\"{&quot;background_background&quot;:&quot;gradient&quot;}\">\n\t\t\t\t\t<div class=\"e-con-inner\">\n\t\t<div class=\"elementor-element elementor-element-2ec14c49 e-con-full e-flex e-con e-child\" data-id=\"2ec14c49\" data-element_type=\"container\" data-e-type=\"container\">\n\t\t\t\t<div class=\"elementor-element elementor-element-19448139 elementor-widget elementor-widget-heading\" data-id=\"19448139\" data-element_type=\"widget\" data-e-type=\"widget\" data-widget_type=\"heading.default\">\n\t\t\t\t<div class=\"elementor-widget-container\">\n\t\t\t\t\t<h2 class=\"elementor-heading-title elementor-size-default\">La Sacem<\/h2>\t\t\t\t<\/div>\n\t\t\t\t<\/div>\n\t\t\t\t<div class=\"elementor-element elementor-element-be3ee67 elementor-widget elementor-widget-heading\" data-id=\"be3ee67\" data-element_type=\"widget\" data-e-type=\"widget\" data-widget_type=\"heading.default\">\n\t\t\t\t<div class=\"elementor-widget-container\">\n\t\t\t\t\t<h2 class=\"elementor-heading-title elementor-size-default\">Les obligations et les tarifs<\/h2>\t\t\t\t<\/div>\n\t\t\t\t<\/div>\n\t\t\t\t<\/div>\n\t\t<div class=\"elementor-element elementor-element-1be90652 e-con-full elementor-hidden-mobile e-flex e-con e-child\" data-id=\"1be90652\" data-element_type=\"container\" data-e-type=\"container\">\n\t\t\t\t<div class=\"elementor-element elementor-element-5d28b03c elementor-widget elementor-widget-image\" data-id=\"5d28b03c\" data-element_type=\"widget\" data-e-type=\"widget\" data-widget_type=\"image.default\">\n\t\t\t\t<div class=\"elementor-widget-container\">\n\t\t\t\t\t\t\t\t\t\t\t\t\t\t\t<img fetchpriority=\"high\" decoding=\"async\" width=\"831\" height=\"1024\" src=\"https:\/\/musicsource.fr\/us\/wp-content\/uploads\/2025\/12\/Group-86-1-831x1024.png\" class=\"attachment-large size-large wp-image-9796\" alt=\"\" srcset=\"https:\/\/musicsource.fr\/us\/wp-content\/uploads\/2025\/12\/Group-86-1-831x1024.png 831w, https:\/\/musicsource.fr\/us\/wp-content\/uploads\/2025\/12\/Group-86-1-243x300.png 243w, https:\/\/musicsource.fr\/us\/wp-content\/uploads\/2025\/12\/Group-86-1-768x946.png 768w, https:\/\/musicsource.fr\/us\/wp-content\/uploads\/2025\/12\/Group-86-1-1247x1536.png 1247w, https:\/\/musicsource.fr\/us\/wp-content\/uploads\/2025\/12\/Group-86-1-1662x2048.png 1662w\" sizes=\"(max-width: 831px) 100vw, 831px\" \/>\t\t\t\t\t\t\t\t\t\t\t\t\t\t\t<\/div>\n\t\t\t\t<\/div>\n\t\t\t\t<\/div>\n\t\t\t\t\t<\/div>\n\t\t\t\t<\/div>\n\t\t<div class=\"elementor-element elementor-element-e33dad8 e-flex e-con-boxed e-con e-parent\" data-id=\"e33dad8\" data-element_type=\"container\" data-e-type=\"container\">\n\t\t\t\t\t<div class=\"e-con-inner\">\n\t\t\t\t<div class=\"elementor-element elementor-element-3e1138c elementor-widget elementor-widget-text-editor\" data-id=\"3e1138c\" data-element_type=\"widget\" data-e-type=\"widget\" data-widget_type=\"text-editor.default\">\n\t\t\t\t<div class=\"elementor-widget-container\">\n\t\t\t\t\t\t\t\t\t<p>Pour avoir le droit de diffuser de la musique, vous devez effectuer une d\u00e9claration pr\u00e9alable et conclure un contrat g\u00e9n\u00e9ral de repr\u00e9sentation avec la SACEM (Soci\u00e9t\u00e9 des Auteurs, Compositeurs et Editeurs de Musique). Cette d\u00e9claration peut \u00eatre effectu\u00e9e en envoyant votre demande d\u2019autorisation \u00e0 une d\u00e9l\u00e9gation r\u00e9gionale de la SACEM ou directement en ligne sur&nbsp;<a href=\"https:\/\/clients.sacem.fr\/autorisations\" target=\"_blank\" rel=\"noopener\">son site internet.<\/a><\/p>\n<p>Ce contrat est conclu pour 1 an et est reconductible tacitement.<\/p>\n<p><i>Note : Lorsque vous ferez votre demande d\u2019autorisation, pensez \u00e0 indiquer que vous utilisez Music Source. Faites-le de mani\u00e8re g\u00e9n\u00e9rale d\u00e8s que vous avez un contact avec la SACEM.&nbsp;<\/i><\/p>\t\t\t\t\t\t\t\t<\/div>\n\t\t\t\t<\/div>\n\t\t\t\t<div class=\"elementor-element elementor-element-073205e elementor-widget elementor-widget-image\" data-id=\"073205e\" data-element_type=\"widget\" data-e-type=\"widget\" data-widget_type=\"image.default\">\n\t\t\t\t<div class=\"elementor-widget-container\">\n\t\t\t\t\t\t\t\t\t\t\t\t\t\t\t<img decoding=\"async\" width=\"1000\" height=\"200\" src=\"https:\/\/musicsource.fr\/us\/wp-content\/uploads\/2024\/06\/SACEM-1.png\" class=\"attachment-large size-large wp-image-6073\" alt=\"Astuce Vous b\u00e9n\u00e9ficiez d&#039;un tarif r\u00e9duit (20 % de r\u00e9duction) si vous effectuez votre d\u00e9claration \u00e0 l&#039;avance, c&#039;est-\u00e0-dire, avant la mise en place de votre mat\u00e9riel de sonorisation. Sinon, vous b\u00e9n\u00e9ficiez du tarif g\u00e9n\u00e9ral. Pensez \u00e0 vous manifester rapidement aupr\u00e8s de la Sacem !\" srcset=\"https:\/\/musicsource.fr\/us\/wp-content\/uploads\/2024\/06\/SACEM-1.png 1000w, https:\/\/musicsource.fr\/us\/wp-content\/uploads\/2024\/06\/SACEM-1-300x60.png 300w, https:\/\/musicsource.fr\/us\/wp-content\/uploads\/2024\/06\/SACEM-1-768x154.png 768w\" sizes=\"(max-width: 1000px) 100vw, 1000px\" \/>\t\t\t\t\t\t\t\t\t\t\t\t\t\t\t<\/div>\n\t\t\t\t<\/div>\n\t\t\t\t\t<\/div>\n\t\t\t\t<\/div>\n\t\t<div class=\"elementor-element elementor-element-027fa1c e-flex e-con-boxed e-con e-parent\" data-id=\"027fa1c\" data-element_type=\"container\" data-e-type=\"container\">\n\t\t\t\t\t<div class=\"e-con-inner\">\n\t\t<div class=\"elementor-element elementor-element-6e4a6a7 e-con-full e-flex e-con e-child\" data-id=\"6e4a6a7\" data-element_type=\"container\" data-e-type=\"container\">\n\t\t\t\t<\/div>\n\t\t<div class=\"elementor-element elementor-element-92842af e-con-full e-flex e-con e-child\" data-id=\"92842af\" data-element_type=\"container\" data-e-type=\"container\">\n\t\t\t\t<\/div>\n\t\t\t\t\t<\/div>\n\t\t\t\t<\/div>\n\t\t<div class=\"elementor-element elementor-element-97f5389 e-flex e-con-boxed e-con e-parent\" data-id=\"97f5389\" data-element_type=\"container\" data-e-type=\"container\">\n\t\t\t\t\t<div class=\"e-con-inner\">\n\t\t<div class=\"elementor-element elementor-element-a75fd5d e-con-full e-flex e-con e-child\" data-id=\"a75fd5d\" data-element_type=\"container\" data-e-type=\"container\">\n\t\t\t\t<\/div>\n\t\t<div class=\"elementor-element elementor-element-94e3bad e-con-full e-flex e-con e-child\" data-id=\"94e3bad\" data-element_type=\"container\" data-e-type=\"container\">\n\t\t\t\t<\/div>\n\t\t\t\t\t<\/div>\n\t\t\t\t<\/div>\n\t\t<div class=\"elementor-element elementor-element-548ef25 e-flex e-con-boxed e-con e-parent\" data-id=\"548ef25\" data-element_type=\"container\" data-e-type=\"container\">\n\t\t\t\t\t<div class=\"e-con-inner\">\n\t\t<div class=\"elementor-element elementor-element-51ee417 e-con-full e-flex e-con e-child\" data-id=\"51ee417\" data-element_type=\"container\" data-e-type=\"container\">\n\t\t\t\t<\/div>\n\t\t<div class=\"elementor-element elementor-element-1c452fc e-con-full e-flex e-con e-child\" data-id=\"1c452fc\" data-element_type=\"container\" data-e-type=\"container\">\n\t\t\t\t<\/div>\n\t\t\t\t\t<\/div>\n\t\t\t\t<\/div>\n\t\t<div class=\"elementor-element elementor-element-b7c0669 e-flex e-con-boxed e-con e-parent\" data-id=\"b7c0669\" data-element_type=\"container\" data-e-type=\"container\">\n\t\t\t\t\t<div class=\"e-con-inner\">\n\t\t\t\t<div class=\"elementor-element elementor-element-6afc2e9 elementor-widget elementor-widget-heading\" data-id=\"6afc2e9\" data-element_type=\"widget\" data-e-type=\"widget\" data-widget_type=\"heading.default\">\n\t\t\t\t<div class=\"elementor-widget-container\">\n\t\t\t\t\t<h2 class=\"elementor-heading-title elementor-size-default\">La SPR\u00c9<\/h2>\t\t\t\t<\/div>\n\t\t\t\t<\/div>\n\t\t\t\t<div class=\"elementor-element elementor-element-8036fe7 elementor-widget elementor-widget-text-editor\" data-id=\"8036fe7\" data-element_type=\"widget\" data-e-type=\"widget\" data-widget_type=\"text-editor.default\">\n\t\t\t\t<div class=\"elementor-widget-container\">\n\t\t\t\t\t\t\t\t\t<p>Il existe une autre cotisation obligatoire au titre de la R\u00e9mun\u00e9ration \u00c9quitable, la SPR\u00c9, (Soci\u00e9t\u00e9 pour la Perception de la R\u00e9mun\u00e9ration \u00c9quitable), \u00e9galement collect\u00e9e par la SACEM. Ici aussi, le bar\u00e8me des tarifs n\u2019est pas le m\u00eame en fonction des types d\u2019activit\u00e9 mais le tarif minimum est autour de 100\u20ac\/an.<\/p>\t\t\t\t\t\t\t\t<\/div>\n\t\t\t\t<\/div>\n\t\t\t\t\t<\/div>\n\t\t\t\t<\/div>\n\t\t\t\t<\/div>\n\t\t","protected":false},"excerpt":{"rendered":"<p>La Sacem Les obligations et les tarifs Pour avoir le droit de diffuser de la musique, vous devez effectuer une [&hellip;]<\/p>\n","protected":false},"author":19,"featured_media":0,"parent":0,"menu_order":0,"comment_status":"closed","ping_status":"closed","template":"","meta":{"_crdt_document":"","site-sidebar-layout":"no-sidebar","site-content-layout":"","ast-site-content-layout":"full-width-container","site-content-style":"default","site-sidebar-style":"default","ast-global-header-display":"","ast-banner-title-visibility":"","ast-main-header-display":"","ast-hfb-above-header-display":"","ast-hfb-below-header-display":"","ast-hfb-mobile-header-display":"","site-post-title":"disabled","ast-breadcrumbs-content":"","ast-featured-img":"disabled","footer-sml-layout":"","ast-disable-related-posts":"","theme-transparent-header-meta":"","adv-header-id-meta":"","stick-header-meta":"","header-above-stick-meta":"","header-main-stick-meta":"","header-below-stick-meta":"","astra-migrate-meta-layouts":"default","ast-page-background-enabled":"default","ast-page-background-meta":{"desktop":{"background-color":"var(--ast-global-color-4)","background-image":"","background-repeat":"repeat","background-position":"center center","background-size":"auto","background-attachment":"scroll","background-type":"","background-media":"","overlay-type":"","overlay-color":"","overlay-opacity":"","overlay-gradient":""},"tablet":{"background-color":"","background-image":"","background-repeat":"repeat","background-position":"center center","background-size":"auto","background-attachment":"scroll","background-type":"","background-media":"","overlay-type":"","overlay-color":"","overlay-opacity":"","overlay-gradient":""},"mobile":{"background-color":"","background-image":"","background-repeat":"repeat","background-position":"center center","background-size":"auto","background-attachment":"scroll","background-type":"","background-media":"","overlay-type":"","overlay-color":"","overlay-opacity":"","overlay-gradient":""}},"ast-content-background-meta":{"desktop":{"background-color":"var(--ast-global-color-5)","background-image":"","background-repeat":"repeat","background-position":"center center","background-size":"auto","background-attachment":"scroll","background-type":"","background-media":"","overlay-type":"","overlay-color":"","overlay-opacity":"","overlay-gradient":""},"tablet":{"background-color":"var(--ast-global-color-5)","background-image":"","background-repeat":"repeat","background-position":"center center","background-size":"auto","background-attachment":"scroll","background-type":"","background-media":"","overlay-type":"","overlay-color":"","overlay-opacity":"","overlay-gradient":""},"mobile":{"background-color":"var(--ast-global-color-5)","background-image":"","background-repeat":"repeat","background-position":"center center","background-size":"auto","background-attachment":"scroll","background-type":"","background-media":"","overlay-type":"","overlay-color":"","overlay-opacity":"","overlay-gradient":""}},"footnotes":""},"class_list":["post-20","page","type-page","status-publish","hentry"],"yoast_head":"<!-- This site is optimized with the Yoast SEO plugin v27.2 - https:\/\/yoast.com\/product\/yoast-seo-wordpress\/ -->\n<title>SACEM : Protection de la cr\u00e9ation musicale - Music Source<\/title>\n<meta name=\"description\" content=\"Connaissez-vous la SACEM ? Une musique d&#039;ambiance pour les points de vente l\u00e9galement prot\u00e9g\u00e9e. On vous explique tout sur ce sujet.\" \/>\n<meta name=\"robots\" content=\"index, follow, max-snippet:-1, max-image-preview:large, max-video-preview:-1\" \/>\n<link rel=\"canonical\" href=\"https:\/\/musicsource.fr\/us\/la-sacem\/\" \/>\n<meta property=\"og:locale\" content=\"en_US\" \/>\n<meta property=\"og:type\" content=\"article\" \/>\n<meta property=\"og:title\" content=\"SACEM : Protection de la cr\u00e9ation musicale - Music Source\" \/>\n<meta property=\"og:description\" content=\"Connaissez-vous la SACEM ? Une musique d&#039;ambiance pour les points de vente l\u00e9galement prot\u00e9g\u00e9e. On vous explique tout sur ce sujet.\" \/>\n<meta property=\"og:url\" content=\"https:\/\/musicsource.fr\/us\/la-sacem\/\" \/>\n<meta property=\"og:site_name\" content=\"Music Source\" \/>\n<meta property=\"article:publisher\" content=\"https:\/\/www.facebook.com\/MusicSourceFrance\" \/>\n<meta property=\"article:modified_time\" content=\"2025-12-08T15:56:23+00:00\" \/>\n<meta property=\"og:image\" content=\"https:\/\/musicsource.fr\/us\/wp-content\/uploads\/2025\/12\/Group-86-1-831x1024.png\" \/>\n\t<meta property=\"og:image:width\" content=\"831\" \/>\n\t<meta property=\"og:image:height\" content=\"1024\" \/>\n\t<meta property=\"og:image:type\" content=\"image\/png\" \/>\n<meta name=\"twitter:card\" content=\"summary_large_image\" \/>\n<meta name=\"twitter:label1\" content=\"Est. reading time\" \/>\n\t<meta name=\"twitter:data1\" content=\"2 minutes\" \/>\n<script type=\"application\/ld+json\" class=\"yoast-schema-graph\">{\"@context\":\"https:\/\/schema.org\",\"@graph\":[{\"@type\":\"WebPage\",\"@id\":\"https:\/\/musicsource.fr\/us\/la-sacem\/\",\"url\":\"https:\/\/musicsource.fr\/us\/la-sacem\/\",\"name\":\"SACEM : Protection de la cr\u00e9ation musicale - Music Source\",\"isPartOf\":{\"@id\":\"https:\/\/musicsource.fr\/us\/#website\"},\"primaryImageOfPage\":{\"@id\":\"https:\/\/musicsource.fr\/us\/la-sacem\/#primaryimage\"},\"image\":{\"@id\":\"https:\/\/musicsource.fr\/us\/la-sacem\/#primaryimage\"},\"thumbnailUrl\":\"https:\/\/musicsource.fr\/us\/wp-content\/uploads\/2025\/12\/Group-86-1-831x1024.png\",\"datePublished\":\"2024-01-24T07:53:14+00:00\",\"dateModified\":\"2025-12-08T15:56:23+00:00\",\"description\":\"Connaissez-vous la SACEM ? Une musique d'ambiance pour les points de vente l\u00e9galement prot\u00e9g\u00e9e. On vous explique tout sur ce sujet.\",\"breadcrumb\":{\"@id\":\"https:\/\/musicsource.fr\/us\/la-sacem\/#breadcrumb\"},\"inLanguage\":\"en-US\",\"potentialAction\":[{\"@type\":\"ReadAction\",\"target\":[\"https:\/\/musicsource.fr\/us\/la-sacem\/\"]}]},{\"@type\":\"ImageObject\",\"inLanguage\":\"en-US\",\"@id\":\"https:\/\/musicsource.fr\/us\/la-sacem\/#primaryimage\",\"url\":\"https:\/\/musicsource.fr\/us\/wp-content\/uploads\/2025\/12\/Group-86-1-scaled.png\",\"contentUrl\":\"https:\/\/musicsource.fr\/us\/wp-content\/uploads\/2025\/12\/Group-86-1-scaled.png\",\"width\":2078,\"height\":2560},{\"@type\":\"BreadcrumbList\",\"@id\":\"https:\/\/musicsource.fr\/us\/la-sacem\/#breadcrumb\",\"itemListElement\":[{\"@type\":\"ListItem\",\"position\":1,\"name\":\"Accueil\",\"item\":\"https:\/\/musicsource.fr\/us\/\"},{\"@type\":\"ListItem\",\"position\":2,\"name\":\"SACEM\"}]},{\"@type\":\"WebSite\",\"@id\":\"https:\/\/musicsource.fr\/us\/#website\",\"url\":\"https:\/\/musicsource.fr\/us\/\",\"name\":\"Music Source\",\"description\":\"The music platform for wellness professionals\",\"publisher\":{\"@id\":\"https:\/\/musicsource.fr\/us\/#organization\"},\"potentialAction\":[{\"@type\":\"SearchAction\",\"target\":{\"@type\":\"EntryPoint\",\"urlTemplate\":\"https:\/\/musicsource.fr\/us\/?s={search_term_string}\"},\"query-input\":{\"@type\":\"PropertyValueSpecification\",\"valueRequired\":true,\"valueName\":\"search_term_string\"}}],\"inLanguage\":\"en-US\"},{\"@type\":\"Organization\",\"@id\":\"https:\/\/musicsource.fr\/us\/#organization\",\"name\":\"Music Source\",\"url\":\"https:\/\/musicsource.fr\/us\/\",\"logo\":{\"@type\":\"ImageObject\",\"inLanguage\":\"en-US\",\"@id\":\"https:\/\/musicsource.fr\/us\/#\/schema\/logo\/image\/\",\"url\":\"https:\/\/musicsource.fr\/us\/wp-content\/uploads\/2024\/06\/logo-good-e1646747199800.png\",\"contentUrl\":\"https:\/\/musicsource.fr\/us\/wp-content\/uploads\/2024\/06\/logo-good-e1646747199800.png\",\"width\":750,\"height\":753,\"caption\":\"Music Source\"},\"image\":{\"@id\":\"https:\/\/musicsource.fr\/us\/#\/schema\/logo\/image\/\"},\"sameAs\":[\"https:\/\/www.facebook.com\/MusicSourceFrance\",\"https:\/\/www.linkedin.com\/company\/musicsource\/\",\"https:\/\/www.instagram.com\/musicsourceapp\/\",\"https:\/\/www.youtube.com\/@MusicSource-jq4do\"]}]}<\/script>\n<!-- \/ Yoast SEO plugin. -->","yoast_head_json":{"title":"SACEM : Protection de la cr\u00e9ation musicale - Music Source","description":"Connaissez-vous la SACEM ? Une musique d'ambiance pour les points de vente l\u00e9galement prot\u00e9g\u00e9e. On vous explique tout sur ce sujet.","robots":{"index":"index","follow":"follow","max-snippet":"max-snippet:-1","max-image-preview":"max-image-preview:large","max-video-preview":"max-video-preview:-1"},"canonical":"https:\/\/musicsource.fr\/us\/la-sacem\/","og_locale":"en_US","og_type":"article","og_title":"SACEM : Protection de la cr\u00e9ation musicale - Music Source","og_description":"Connaissez-vous la SACEM ? Une musique d'ambiance pour les points de vente l\u00e9galement prot\u00e9g\u00e9e. On vous explique tout sur ce sujet.","og_url":"https:\/\/musicsource.fr\/us\/la-sacem\/","og_site_name":"Music Source","article_publisher":"https:\/\/www.facebook.com\/MusicSourceFrance","article_modified_time":"2025-12-08T15:56:23+00:00","og_image":[{"width":831,"height":1024,"url":"https:\/\/musicsource.fr\/us\/wp-content\/uploads\/2025\/12\/Group-86-1-831x1024.png","type":"image\/png"}],"twitter_card":"summary_large_image","twitter_misc":{"Est. reading time":"2 minutes"},"schema":{"@context":"https:\/\/schema.org","@graph":[{"@type":"WebPage","@id":"https:\/\/musicsource.fr\/us\/la-sacem\/","url":"https:\/\/musicsource.fr\/us\/la-sacem\/","name":"SACEM : Protection de la cr\u00e9ation musicale - Music Source","isPartOf":{"@id":"https:\/\/musicsource.fr\/us\/#website"},"primaryImageOfPage":{"@id":"https:\/\/musicsource.fr\/us\/la-sacem\/#primaryimage"},"image":{"@id":"https:\/\/musicsource.fr\/us\/la-sacem\/#primaryimage"},"thumbnailUrl":"https:\/\/musicsource.fr\/us\/wp-content\/uploads\/2025\/12\/Group-86-1-831x1024.png","datePublished":"2024-01-24T07:53:14+00:00","dateModified":"2025-12-08T15:56:23+00:00","description":"Connaissez-vous la SACEM ? Une musique d'ambiance pour les points de vente l\u00e9galement prot\u00e9g\u00e9e. On vous explique tout sur ce sujet.","breadcrumb":{"@id":"https:\/\/musicsource.fr\/us\/la-sacem\/#breadcrumb"},"inLanguage":"en-US","potentialAction":[{"@type":"ReadAction","target":["https:\/\/musicsource.fr\/us\/la-sacem\/"]}]},{"@type":"ImageObject","inLanguage":"en-US","@id":"https:\/\/musicsource.fr\/us\/la-sacem\/#primaryimage","url":"https:\/\/musicsource.fr\/us\/wp-content\/uploads\/2025\/12\/Group-86-1-scaled.png","contentUrl":"https:\/\/musicsource.fr\/us\/wp-content\/uploads\/2025\/12\/Group-86-1-scaled.png","width":2078,"height":2560},{"@type":"BreadcrumbList","@id":"https:\/\/musicsource.fr\/us\/la-sacem\/#breadcrumb","itemListElement":[{"@type":"ListItem","position":1,"name":"Accueil","item":"https:\/\/musicsource.fr\/us\/"},{"@type":"ListItem","position":2,"name":"SACEM"}]},{"@type":"WebSite","@id":"https:\/\/musicsource.fr\/us\/#website","url":"https:\/\/musicsource.fr\/us\/","name":"Music Source","description":"The music platform for wellness professionals","publisher":{"@id":"https:\/\/musicsource.fr\/us\/#organization"},"potentialAction":[{"@type":"SearchAction","target":{"@type":"EntryPoint","urlTemplate":"https:\/\/musicsource.fr\/us\/?s={search_term_string}"},"query-input":{"@type":"PropertyValueSpecification","valueRequired":true,"valueName":"search_term_string"}}],"inLanguage":"en-US"},{"@type":"Organization","@id":"https:\/\/musicsource.fr\/us\/#organization","name":"Music Source","url":"https:\/\/musicsource.fr\/us\/","logo":{"@type":"ImageObject","inLanguage":"en-US","@id":"https:\/\/musicsource.fr\/us\/#\/schema\/logo\/image\/","url":"https:\/\/musicsource.fr\/us\/wp-content\/uploads\/2024\/06\/logo-good-e1646747199800.png","contentUrl":"https:\/\/musicsource.fr\/us\/wp-content\/uploads\/2024\/06\/logo-good-e1646747199800.png","width":750,"height":753,"caption":"Music Source"},"image":{"@id":"https:\/\/musicsource.fr\/us\/#\/schema\/logo\/image\/"},"sameAs":["https:\/\/www.facebook.com\/MusicSourceFrance","https:\/\/www.linkedin.com\/company\/musicsource\/","https:\/\/www.instagram.com\/musicsourceapp\/","https:\/\/www.youtube.com\/@MusicSource-jq4do"]}]}},"_links":{"self":[{"href":"https:\/\/musicsource.fr\/us\/wp-json\/wp\/v2\/pages\/20","targetHints":{"allow":["GET"]}}],"collection":[{"href":"https:\/\/musicsource.fr\/us\/wp-json\/wp\/v2\/pages"}],"about":[{"href":"https:\/\/musicsource.fr\/us\/wp-json\/wp\/v2\/types\/page"}],"author":[{"embeddable":true,"href":"https:\/\/musicsource.fr\/us\/wp-json\/wp\/v2\/users\/19"}],"replies":[{"embeddable":true,"href":"https:\/\/musicsource.fr\/us\/wp-json\/wp\/v2\/comments?post=20"}],"version-history":[{"count":82,"href":"https:\/\/musicsource.fr\/us\/wp-json\/wp\/v2\/pages\/20\/revisions"}],"predecessor-version":[{"id":9818,"href":"https:\/\/musicsource.fr\/us\/wp-json\/wp\/v2\/pages\/20\/revisions\/9818"}],"wp:attachment":[{"href":"https:\/\/musicsource.fr\/us\/wp-json\/wp\/v2\/media?parent=20"}],"curies":[{"name":"wp","href":"https:\/\/api.w.org\/{rel}","templated":true}]}}