 {"id":2313,"date":"2024-05-23T12:54:07","date_gmt":"2024-05-23T10:54:07","guid":{"rendered":"https:\/\/preview.musicsource.fr\/?page_id=2313"},"modified":"2024-07-03T19:22:18","modified_gmt":"2024-07-03T17:22:18","slug":"politique-de-confidentialite","status":"publish","type":"page","link":"https:\/\/musicsource.fr\/us\/politique-de-confidentialite\/","title":{"rendered":"Politique de confidentialit\u00e9"},"content":{"rendered":"\t\t<div data-elementor-type=\"wp-page\" data-elementor-id=\"2313\" class=\"elementor elementor-2313\">\n\t\t\t\t<div class=\"elementor-element elementor-element-27f0d28f e-flex e-con-boxed e-con e-parent\" data-id=\"27f0d28f\" data-element_type=\"container\" data-e-type=\"container\" data-settings=\"{&quot;background_background&quot;:&quot;gradient&quot;}\">\n\t\t\t\t\t<div class=\"e-con-inner\">\n\t\t<div class=\"elementor-element elementor-element-76371f84 e-con-full e-flex e-con e-child\" data-id=\"76371f84\" data-element_type=\"container\" data-e-type=\"container\">\n\t\t\t\t<div class=\"elementor-element elementor-element-5d068870 elementor-widget elementor-widget-heading\" data-id=\"5d068870\" data-element_type=\"widget\" data-e-type=\"widget\" data-widget_type=\"heading.default\">\n\t\t\t\t<div class=\"elementor-widget-container\">\n\t\t\t\t\t<h2 class=\"elementor-heading-title elementor-size-default\">Politique de confidentialit\u00e9<\/h2>\t\t\t\t<\/div>\n\t\t\t\t<\/div>\n\t\t\t\t<\/div>\n\t\t\t\t\t<\/div>\n\t\t\t\t<\/div>\n\t\t<div class=\"elementor-element elementor-element-dc0007c e-flex e-con-boxed e-con e-parent\" data-id=\"dc0007c\" data-element_type=\"container\" data-e-type=\"container\">\n\t\t\t\t\t<div class=\"e-con-inner\">\n\t\t\t\t<div class=\"elementor-element elementor-element-1a9332c elementor-widget elementor-widget-text-editor\" data-id=\"1a9332c\" data-element_type=\"widget\" data-e-type=\"widget\" data-widget_type=\"text-editor.default\">\n\t\t\t\t<div class=\"elementor-widget-container\">\n\t\t\t\t\t\t\t\t\t<p><i><span style=\"font-weight: 400;\">Origins Group, soci\u00e9t\u00e9 \u00e0 responsabilit\u00e9 limit\u00e9e immatricul\u00e9e au RCS du Mans, sous le num\u00e9ro 318 185 279, dont le si\u00e8ge social est 4 bis ruelle de la Fontaine 72400 La Fert\u00e9-Bernard est responsable d\u2019un traitement de donn\u00e9es \u00e0 caract\u00e8re personnel vous concernant.<\/span><\/i><\/p><p><i><span style=\"font-weight: 400;\">Ce traitement portant les abonnements \u00e0 la plateforme Music Source exploit\u00e9e par Origins Group, a pour finalit\u00e9 de g\u00e9rer l\u2019abonnement de l\u2019utilisateur inscrit sur la plateforme selon l\u2019offre qu\u2019il a choisie.<\/span><\/i><\/p><p><i><span style=\"font-weight: 400;\">Ce traitement porte sur vos donn\u00e9es suivantes\u00a0: votre nom, votre pr\u00e9nom, coordonn\u00e9es t\u00e9l\u00e9phoniques, adresse \u00e9lectronique, et si vous \u00eates l\u2019utilisateur, num\u00e9ro de SIRET et adresse de votre \u00e9tablissement professionnel.\u00a0<\/span><\/i><\/p><p><i><span style=\"font-weight: 400;\">Ce traitement est n\u00e9cessaire pour l\u2019ex\u00e9cution du contrat liant Origins Group et l\u2019utilisateur portant sur l\u2019abonnement \u00e0 la plateforme Music Source.\u00a0<\/span><\/i><\/p><p><i><span style=\"font-weight: 400;\">Ces donn\u00e9es sont destin\u00e9es \u00e0 Origins Group. Elles ne sont pas transf\u00e9r\u00e9es en dehors de l\u2019Union europ\u00e9enne.\u00a0<\/span><\/i><\/p><p><i><span style=\"font-weight: 400;\">Vos donn\u00e9es seront conserv\u00e9es pour la dur\u00e9e des conditions g\u00e9n\u00e9rales d\u2019utilisation (CGU) liant l\u2019utilisateur \u00e0 Origins Group et seront d\u00e9truites six (6) mois apr\u00e8s leur r\u00e9siliation.<\/span><\/i><\/p><p><i><span style=\"font-weight: 400;\">En application des articles 15 \u00e0 21 du RGPD et dans les conditions pr\u00e9cis\u00e9es par ceux-ci, vous disposez d\u2019un droit d\u2019opposition et de limitation du traitement ainsi qu\u2019un droit d\u2019acc\u00e8s, de rectification, d\u2019effacement et de portabilit\u00e9 de vos donn\u00e9es.\u00a0<\/span><\/i><\/p><p><i><span style=\"font-weight: 400;\">En application de l\u2019article 85 de la loi Informatique et Libert\u00e9s, vous disposez \u00e9galement d\u2019un droit de formuler des directives sp\u00e9cifiques et g\u00e9n\u00e9rales concernant la conservation, l\u2019effacement et la communication de vos donn\u00e9es post-mortem. En ce qui concerne les directives g\u00e9n\u00e9rales, elles devront \u00eatre adress\u00e9es \u00e0 un tiers de confiance num\u00e9rique certifi\u00e9 par la Commission nationale informatique et libert\u00e9s.<\/span><\/i><\/p><p><i><span style=\"font-weight: 400;\">Vous pouvez exercer ces droits en \u00e9crivant \u00e0 notre si\u00e8ge social par courrier postal \u00e0 l\u2019adresse pr\u00e9cis\u00e9e ci-dessus ou par email \u00e0 l\u2019adresse contact@musicsource.fr\u00a0<\/span><\/i><\/p><p><i><span style=\"font-weight: 400;\">Vous disposez \u00e9galement du droit d\u2019introduire une r\u00e9clamation aupr\u00e8s de la Commission nationale informatique et libert\u00e9s (<\/span><\/i><a href=\"http:\/\/www.cnil.fr\"><i><span style=\"font-weight: 400;\">www.cnil.fr<\/span><\/i><\/a><i><span style=\"font-weight: 400;\">)<\/span><\/i><span style=\"font-weight: 400;\">.<\/span><\/p>\t\t\t\t\t\t\t\t<\/div>\n\t\t\t\t<\/div>\n\t\t\t\t\t<\/div>\n\t\t\t\t<\/div>\n\t\t\t\t<\/div>\n\t\t","protected":false},"excerpt":{"rendered":"<p>Politique de confidentialit\u00e9 Origins Group, soci\u00e9t\u00e9 \u00e0 responsabilit\u00e9 limit\u00e9e immatricul\u00e9e au RCS du Mans, sous le num\u00e9ro 318 185 279, [&hellip;]<\/p>\n","protected":false},"author":19,"featured_media":0,"parent":0,"menu_order":0,"comment_status":"closed","ping_status":"closed","template":"","meta":{"_crdt_document":"","site-sidebar-layout":"default","site-content-layout":"","ast-site-content-layout":"full-width-container","site-content-style":"default","site-sidebar-style":"default","ast-global-header-display":"","ast-banner-title-visibility":"","ast-main-header-display":"","ast-hfb-above-header-display":"","ast-hfb-below-header-display":"","ast-hfb-mobile-header-display":"","site-post-title":"disabled","ast-breadcrumbs-content":"","ast-featured-img":"","footer-sml-layout":"","ast-disable-related-posts":"","theme-transparent-header-meta":"","adv-header-id-meta":"","stick-header-meta":"","header-above-stick-meta":"","header-main-stick-meta":"","header-below-stick-meta":"","astra-migrate-meta-layouts":"default","ast-page-background-enabled":"default","ast-page-background-meta":{"desktop":{"background-color":"var(--ast-global-color-4)","background-image":"","background-repeat":"repeat","background-position":"center center","background-size":"auto","background-attachment":"scroll","background-type":"","background-media":"","overlay-type":"","overlay-color":"","overlay-opacity":"","overlay-gradient":""},"tablet":{"background-color":"","background-image":"","background-repeat":"repeat","background-position":"center center","background-size":"auto","background-attachment":"scroll","background-type":"","background-media":"","overlay-type":"","overlay-color":"","overlay-opacity":"","overlay-gradient":""},"mobile":{"background-color":"","background-image":"","background-repeat":"repeat","background-position":"center center","background-size":"auto","background-attachment":"scroll","background-type":"","background-media":"","overlay-type":"","overlay-color":"","overlay-opacity":"","overlay-gradient":""}},"ast-content-background-meta":{"desktop":{"background-color":"var(--ast-global-color-5)","background-image":"","background-repeat":"repeat","background-position":"center center","background-size":"auto","background-attachment":"scroll","background-type":"","background-media":"","overlay-type":"","overlay-color":"","overlay-opacity":"","overlay-gradient":""},"tablet":{"background-color":"var(--ast-global-color-5)","background-image":"","background-repeat":"repeat","background-position":"center center","background-size":"auto","background-attachment":"scroll","background-type":"","background-media":"","overlay-type":"","overlay-color":"","overlay-opacity":"","overlay-gradient":""},"mobile":{"background-color":"var(--ast-global-color-5)","background-image":"","background-repeat":"repeat","background-position":"center center","background-size":"auto","background-attachment":"scroll","background-type":"","background-media":"","overlay-type":"","overlay-color":"","overlay-opacity":"","overlay-gradient":""}},"footnotes":""},"class_list":["post-2313","page","type-page","status-publish","hentry"],"yoast_head":"<!-- This site is optimized with the Yoast SEO plugin v27.2 - https:\/\/yoast.com\/product\/yoast-seo-wordpress\/ -->\n<title>Politique de confidentialit\u00e9 - Musique d&#039;ambiance pour les spas et instituts de beaut\u00e9<\/title>\n<meta name=\"description\" content=\"D\u00e9couvrez notre biblioth\u00e8que et nos radios, \u00e9coutez de la musique con\u00e7ue pour les instituts de beaut\u00e9, les spas et les salons de massage.\" \/>\n<meta name=\"robots\" content=\"noindex, follow\" \/>\n<meta property=\"og:locale\" content=\"en_US\" \/>\n<meta property=\"og:type\" content=\"article\" \/>\n<meta property=\"og:title\" content=\"Politique de confidentialit\u00e9 - Musique d&#039;ambiance pour les spas et instituts de beaut\u00e9\" \/>\n<meta property=\"og:description\" content=\"D\u00e9couvrez notre biblioth\u00e8que et nos radios, \u00e9coutez de la musique con\u00e7ue pour les instituts de beaut\u00e9, les spas et les salons de massage.\" \/>\n<meta property=\"og:url\" content=\"https:\/\/musicsource.fr\/us\/politique-de-confidentialite\/\" \/>\n<meta property=\"og:site_name\" content=\"Music Source\" \/>\n<meta property=\"article:publisher\" content=\"https:\/\/www.facebook.com\/MusicSourceFrance\" \/>\n<meta property=\"article:modified_time\" content=\"2024-07-03T17:22:18+00:00\" \/>\n<meta name=\"twitter:card\" content=\"summary_large_image\" \/>\n<meta name=\"twitter:label1\" content=\"Est. reading time\" \/>\n\t<meta name=\"twitter:data1\" content=\"2 minutes\" \/>\n<script type=\"application\/ld+json\" class=\"yoast-schema-graph\">{\"@context\":\"https:\/\/schema.org\",\"@graph\":[{\"@type\":\"WebPage\",\"@id\":\"https:\/\/musicsource.fr\/us\/politique-de-confidentialite\/\",\"url\":\"https:\/\/musicsource.fr\/us\/politique-de-confidentialite\/\",\"name\":\"Politique de confidentialit\u00e9 - Musique d'ambiance pour les spas et instituts de beaut\u00e9\",\"isPartOf\":{\"@id\":\"https:\/\/musicsource.fr\/us\/#website\"},\"datePublished\":\"2024-05-23T10:54:07+00:00\",\"dateModified\":\"2024-07-03T17:22:18+00:00\",\"description\":\"D\u00e9couvrez notre biblioth\u00e8que et nos radios, \u00e9coutez de la musique con\u00e7ue pour les instituts de beaut\u00e9, les spas et les salons de massage.\",\"breadcrumb\":{\"@id\":\"https:\/\/musicsource.fr\/us\/politique-de-confidentialite\/#breadcrumb\"},\"inLanguage\":\"en-US\",\"potentialAction\":[{\"@type\":\"ReadAction\",\"target\":[\"https:\/\/musicsource.fr\/us\/politique-de-confidentialite\/\"]}]},{\"@type\":\"BreadcrumbList\",\"@id\":\"https:\/\/musicsource.fr\/us\/politique-de-confidentialite\/#breadcrumb\",\"itemListElement\":[{\"@type\":\"ListItem\",\"position\":1,\"name\":\"Accueil\",\"item\":\"https:\/\/musicsource.fr\/us\/\"},{\"@type\":\"ListItem\",\"position\":2,\"name\":\"Politique de confidentialit\u00e9\"}]},{\"@type\":\"WebSite\",\"@id\":\"https:\/\/musicsource.fr\/us\/#website\",\"url\":\"https:\/\/musicsource.fr\/us\/\",\"name\":\"Music Source\",\"description\":\"The music platform for wellness professionals\",\"publisher\":{\"@id\":\"https:\/\/musicsource.fr\/us\/#organization\"},\"potentialAction\":[{\"@type\":\"SearchAction\",\"target\":{\"@type\":\"EntryPoint\",\"urlTemplate\":\"https:\/\/musicsource.fr\/us\/?s={search_term_string}\"},\"query-input\":{\"@type\":\"PropertyValueSpecification\",\"valueRequired\":true,\"valueName\":\"search_term_string\"}}],\"inLanguage\":\"en-US\"},{\"@type\":\"Organization\",\"@id\":\"https:\/\/musicsource.fr\/us\/#organization\",\"name\":\"Music Source\",\"url\":\"https:\/\/musicsource.fr\/us\/\",\"logo\":{\"@type\":\"ImageObject\",\"inLanguage\":\"en-US\",\"@id\":\"https:\/\/musicsource.fr\/us\/#\/schema\/logo\/image\/\",\"url\":\"https:\/\/musicsource.fr\/us\/wp-content\/uploads\/2024\/06\/logo-good-e1646747199800.png\",\"contentUrl\":\"https:\/\/musicsource.fr\/us\/wp-content\/uploads\/2024\/06\/logo-good-e1646747199800.png\",\"width\":750,\"height\":753,\"caption\":\"Music Source\"},\"image\":{\"@id\":\"https:\/\/musicsource.fr\/us\/#\/schema\/logo\/image\/\"},\"sameAs\":[\"https:\/\/www.facebook.com\/MusicSourceFrance\",\"https:\/\/www.linkedin.com\/company\/musicsource\/\",\"https:\/\/www.instagram.com\/musicsourceapp\/\",\"https:\/\/www.youtube.com\/@MusicSource-jq4do\"]}]}<\/script>\n<!-- \/ Yoast SEO plugin. -->","yoast_head_json":{"title":"Politique de confidentialit\u00e9 - Musique d'ambiance pour les spas et instituts de beaut\u00e9","description":"D\u00e9couvrez notre biblioth\u00e8que et nos radios, \u00e9coutez de la musique con\u00e7ue pour les instituts de beaut\u00e9, les spas et les salons de massage.","robots":{"index":"noindex","follow":"follow"},"og_locale":"en_US","og_type":"article","og_title":"Politique de confidentialit\u00e9 - Musique d'ambiance pour les spas et instituts de beaut\u00e9","og_description":"D\u00e9couvrez notre biblioth\u00e8que et nos radios, \u00e9coutez de la musique con\u00e7ue pour les instituts de beaut\u00e9, les spas et les salons de massage.","og_url":"https:\/\/musicsource.fr\/us\/politique-de-confidentialite\/","og_site_name":"Music Source","article_publisher":"https:\/\/www.facebook.com\/MusicSourceFrance","article_modified_time":"2024-07-03T17:22:18+00:00","twitter_card":"summary_large_image","twitter_misc":{"Est. reading time":"2 minutes"},"schema":{"@context":"https:\/\/schema.org","@graph":[{"@type":"WebPage","@id":"https:\/\/musicsource.fr\/us\/politique-de-confidentialite\/","url":"https:\/\/musicsource.fr\/us\/politique-de-confidentialite\/","name":"Politique de confidentialit\u00e9 - Musique d'ambiance pour les spas et instituts de beaut\u00e9","isPartOf":{"@id":"https:\/\/musicsource.fr\/us\/#website"},"datePublished":"2024-05-23T10:54:07+00:00","dateModified":"2024-07-03T17:22:18+00:00","description":"D\u00e9couvrez notre biblioth\u00e8que et nos radios, \u00e9coutez de la musique con\u00e7ue pour les instituts de beaut\u00e9, les spas et les salons de massage.","breadcrumb":{"@id":"https:\/\/musicsource.fr\/us\/politique-de-confidentialite\/#breadcrumb"},"inLanguage":"en-US","potentialAction":[{"@type":"ReadAction","target":["https:\/\/musicsource.fr\/us\/politique-de-confidentialite\/"]}]},{"@type":"BreadcrumbList","@id":"https:\/\/musicsource.fr\/us\/politique-de-confidentialite\/#breadcrumb","itemListElement":[{"@type":"ListItem","position":1,"name":"Accueil","item":"https:\/\/musicsource.fr\/us\/"},{"@type":"ListItem","position":2,"name":"Politique de confidentialit\u00e9"}]},{"@type":"WebSite","@id":"https:\/\/musicsource.fr\/us\/#website","url":"https:\/\/musicsource.fr\/us\/","name":"Music Source","description":"The music platform for wellness professionals","publisher":{"@id":"https:\/\/musicsource.fr\/us\/#organization"},"potentialAction":[{"@type":"SearchAction","target":{"@type":"EntryPoint","urlTemplate":"https:\/\/musicsource.fr\/us\/?s={search_term_string}"},"query-input":{"@type":"PropertyValueSpecification","valueRequired":true,"valueName":"search_term_string"}}],"inLanguage":"en-US"},{"@type":"Organization","@id":"https:\/\/musicsource.fr\/us\/#organization","name":"Music Source","url":"https:\/\/musicsource.fr\/us\/","logo":{"@type":"ImageObject","inLanguage":"en-US","@id":"https:\/\/musicsource.fr\/us\/#\/schema\/logo\/image\/","url":"https:\/\/musicsource.fr\/us\/wp-content\/uploads\/2024\/06\/logo-good-e1646747199800.png","contentUrl":"https:\/\/musicsource.fr\/us\/wp-content\/uploads\/2024\/06\/logo-good-e1646747199800.png","width":750,"height":753,"caption":"Music Source"},"image":{"@id":"https:\/\/musicsource.fr\/us\/#\/schema\/logo\/image\/"},"sameAs":["https:\/\/www.facebook.com\/MusicSourceFrance","https:\/\/www.linkedin.com\/company\/musicsource\/","https:\/\/www.instagram.com\/musicsourceapp\/","https:\/\/www.youtube.com\/@MusicSource-jq4do"]}]}},"_links":{"self":[{"href":"https:\/\/musicsource.fr\/us\/wp-json\/wp\/v2\/pages\/2313","targetHints":{"allow":["GET"]}}],"collection":[{"href":"https:\/\/musicsource.fr\/us\/wp-json\/wp\/v2\/pages"}],"about":[{"href":"https:\/\/musicsource.fr\/us\/wp-json\/wp\/v2\/types\/page"}],"author":[{"embeddable":true,"href":"https:\/\/musicsource.fr\/us\/wp-json\/wp\/v2\/users\/19"}],"replies":[{"embeddable":true,"href":"https:\/\/musicsource.fr\/us\/wp-json\/wp\/v2\/comments?post=2313"}],"version-history":[{"count":29,"href":"https:\/\/musicsource.fr\/us\/wp-json\/wp\/v2\/pages\/2313\/revisions"}],"predecessor-version":[{"id":6182,"href":"https:\/\/musicsource.fr\/us\/wp-json\/wp\/v2\/pages\/2313\/revisions\/6182"}],"wp:attachment":[{"href":"https:\/\/musicsource.fr\/us\/wp-json\/wp\/v2\/media?parent=2313"}],"curies":[{"name":"wp","href":"https:\/\/api.w.org\/{rel}","templated":true}]}}