 {"id":24,"date":"2024-01-24T08:54:30","date_gmt":"2024-01-24T07:54:30","guid":{"rendered":"https:\/\/preview.musicsource.fr\/?page_id=24"},"modified":"2024-12-18T17:10:57","modified_gmt":"2024-12-18T16:10:57","slug":"le-blog","status":"publish","type":"page","link":"https:\/\/musicsource.fr\/us\/le-blog\/","title":{"rendered":"Le blog"},"content":{"rendered":"\t\t<div data-elementor-type=\"wp-page\" data-elementor-id=\"24\" class=\"elementor elementor-24\">\n\t\t\t\t<div class=\"elementor-element elementor-element-120c3d48 e-flex e-con-boxed e-con e-parent\" data-id=\"120c3d48\" data-element_type=\"container\" data-e-type=\"container\" data-settings=\"{&quot;background_background&quot;:&quot;gradient&quot;}\">\n\t\t\t\t\t<div class=\"e-con-inner\">\n\t\t<div class=\"elementor-element elementor-element-6cf71406 e-con-full e-flex e-con e-child\" data-id=\"6cf71406\" data-element_type=\"container\" data-e-type=\"container\">\n\t\t\t\t<div class=\"elementor-element elementor-element-5b3a85fd elementor-widget elementor-widget-heading\" data-id=\"5b3a85fd\" data-element_type=\"widget\" data-e-type=\"widget\" data-widget_type=\"heading.default\">\n\t\t\t\t<div class=\"elementor-widget-container\">\n\t\t\t\t\t<h2 class=\"elementor-heading-title elementor-size-default\">Le blog<\/h2>\t\t\t\t<\/div>\n\t\t\t\t<\/div>\n\t\t\t\t<\/div>\n\t\t<div class=\"elementor-element elementor-element-283eaa8a e-con-full e-flex e-con e-child\" data-id=\"283eaa8a\" data-element_type=\"container\" data-e-type=\"container\">\n\t\t\t\t<div class=\"elementor-element elementor-element-bf81f8f elementor-widget elementor-widget-image\" data-id=\"bf81f8f\" data-element_type=\"widget\" data-e-type=\"widget\" data-widget_type=\"image.default\">\n\t\t\t\t<div class=\"elementor-widget-container\">\n\t\t\t\t\t\t\t\t\t\t\t\t\t\t\t<img fetchpriority=\"high\" decoding=\"async\" width=\"1024\" height=\"1024\" src=\"https:\/\/musicsource.fr\/us\/wp-content\/uploads\/2024\/02\/Lorem-ipsum-dolor-sit-amet-consectetur-adipiscing-elit-sed-do-eiusmod-tempor-incididunt-ut-labore-et-dolore-magna-aliqua.-Ut-enim-ad-minim-veniam-quis-nostrud-exercitation-ullamco-laboris-nisi--1024x1024.png\" class=\"attachment-large size-large wp-image-128\" alt=\"\" srcset=\"https:\/\/musicsource.fr\/us\/wp-content\/uploads\/2024\/02\/Lorem-ipsum-dolor-sit-amet-consectetur-adipiscing-elit-sed-do-eiusmod-tempor-incididunt-ut-labore-et-dolore-magna-aliqua.-Ut-enim-ad-minim-veniam-quis-nostrud-exercitation-ullamco-laboris-nisi--1024x1024.png 1024w, https:\/\/musicsource.fr\/us\/wp-content\/uploads\/2024\/02\/Lorem-ipsum-dolor-sit-amet-consectetur-adipiscing-elit-sed-do-eiusmod-tempor-incididunt-ut-labore-et-dolore-magna-aliqua.-Ut-enim-ad-minim-veniam-quis-nostrud-exercitation-ullamco-laboris-nisi--300x300.png 300w, https:\/\/musicsource.fr\/us\/wp-content\/uploads\/2024\/02\/Lorem-ipsum-dolor-sit-amet-consectetur-adipiscing-elit-sed-do-eiusmod-tempor-incididunt-ut-labore-et-dolore-magna-aliqua.-Ut-enim-ad-minim-veniam-quis-nostrud-exercitation-ullamco-laboris-nisi--150x150.png 150w, https:\/\/musicsource.fr\/us\/wp-content\/uploads\/2024\/02\/Lorem-ipsum-dolor-sit-amet-consectetur-adipiscing-elit-sed-do-eiusmod-tempor-incididunt-ut-labore-et-dolore-magna-aliqua.-Ut-enim-ad-minim-veniam-quis-nostrud-exercitation-ullamco-laboris-nisi--768x768.png 768w, https:\/\/musicsource.fr\/us\/wp-content\/uploads\/2024\/02\/Lorem-ipsum-dolor-sit-amet-consectetur-adipiscing-elit-sed-do-eiusmod-tempor-incididunt-ut-labore-et-dolore-magna-aliqua.-Ut-enim-ad-minim-veniam-quis-nostrud-exercitation-ullamco-laboris-nisi-.png 1080w\" sizes=\"(max-width: 1024px) 100vw, 1024px\" \/>\t\t\t\t\t\t\t\t\t\t\t\t\t\t\t<\/div>\n\t\t\t\t<\/div>\n\t\t\t\t<\/div>\n\t\t\t\t\t<\/div>\n\t\t\t\t<\/div>\n\t\t<div class=\"elementor-element elementor-element-f46198e e-flex e-con-boxed e-con e-parent\" data-id=\"f46198e\" data-element_type=\"container\" data-e-type=\"container\">\n\t\t\t\t\t<div class=\"e-con-inner\">\n\t\t\t\t\t<\/div>\n\t\t\t\t<\/div>\n\t\t\t\t<\/div>\n\t\t","protected":false},"excerpt":{"rendered":"<p>Le blog<\/p>\n","protected":false},"author":19,"featured_media":0,"parent":0,"menu_order":0,"comment_status":"closed","ping_status":"closed","template":"","meta":{"_crdt_document":"","site-sidebar-layout":"no-sidebar","site-content-layout":"","ast-site-content-layout":"full-width-container","site-content-style":"default","site-sidebar-style":"default","ast-global-header-display":"","ast-banner-title-visibility":"","ast-main-header-display":"","ast-hfb-above-header-display":"","ast-hfb-below-header-display":"","ast-hfb-mobile-header-display":"","site-post-title":"disabled","ast-breadcrumbs-content":"","ast-featured-img":"disabled","footer-sml-layout":"","ast-disable-related-posts":"","theme-transparent-header-meta":"","adv-header-id-meta":"","stick-header-meta":"","header-above-stick-meta":"","header-main-stick-meta":"","header-below-stick-meta":"","astra-migrate-meta-layouts":"default","ast-page-background-enabled":"default","ast-page-background-meta":{"desktop":{"background-color":"var(--ast-global-color-4)","background-image":"","background-repeat":"repeat","background-position":"center center","background-size":"auto","background-attachment":"scroll","background-type":"","background-media":"","overlay-type":"","overlay-color":"","overlay-opacity":"","overlay-gradient":""},"tablet":{"background-color":"","background-image":"","background-repeat":"repeat","background-position":"center center","background-size":"auto","background-attachment":"scroll","background-type":"","background-media":"","overlay-type":"","overlay-color":"","overlay-opacity":"","overlay-gradient":""},"mobile":{"background-color":"","background-image":"","background-repeat":"repeat","background-position":"center center","background-size":"auto","background-attachment":"scroll","background-type":"","background-media":"","overlay-type":"","overlay-color":"","overlay-opacity":"","overlay-gradient":""}},"ast-content-background-meta":{"desktop":{"background-color":"var(--ast-global-color-5)","background-image":"","background-repeat":"repeat","background-position":"center center","background-size":"auto","background-attachment":"scroll","background-type":"","background-media":"","overlay-type":"","overlay-color":"","overlay-opacity":"","overlay-gradient":""},"tablet":{"background-color":"var(--ast-global-color-5)","background-image":"","background-repeat":"repeat","background-position":"center center","background-size":"auto","background-attachment":"scroll","background-type":"","background-media":"","overlay-type":"","overlay-color":"","overlay-opacity":"","overlay-gradient":""},"mobile":{"background-color":"var(--ast-global-color-5)","background-image":"","background-repeat":"repeat","background-position":"center center","background-size":"auto","background-attachment":"scroll","background-type":"","background-media":"","overlay-type":"","overlay-color":"","overlay-opacity":"","overlay-gradient":""}},"footnotes":""},"class_list":["post-24","page","type-page","status-publish","hentry"],"yoast_head":"<!-- This site is optimized with the Yoast SEO plugin v27.2 - https:\/\/yoast.com\/product\/yoast-seo-wordpress\/ -->\n<title>Le blog - Musique d&#039;ambiance pour les spas et instituts de beaut\u00e9<\/title>\n<meta name=\"description\" content=\"D\u00e9couvrez notre biblioth\u00e8que et nos radios, \u00e9coutez de la musique con\u00e7ue pour les instituts de beaut\u00e9, les spas et les salons de massage.\" \/>\n<meta name=\"robots\" content=\"noindex, follow\" \/>\n<meta property=\"og:locale\" content=\"en_US\" \/>\n<meta property=\"og:type\" content=\"article\" \/>\n<meta property=\"og:title\" content=\"Le blog - Musique d&#039;ambiance pour les spas et instituts de beaut\u00e9\" \/>\n<meta property=\"og:description\" content=\"D\u00e9couvrez notre biblioth\u00e8que et nos radios, \u00e9coutez de la musique con\u00e7ue pour les instituts de beaut\u00e9, les spas et les salons de massage.\" \/>\n<meta property=\"og:url\" content=\"https:\/\/musicsource.fr\/us\/le-blog\/\" \/>\n<meta property=\"og:site_name\" content=\"Music Source\" \/>\n<meta property=\"article:publisher\" content=\"https:\/\/www.facebook.com\/MusicSourceFrance\" \/>\n<meta property=\"article:modified_time\" content=\"2024-12-18T16:10:57+00:00\" \/>\n<meta property=\"og:image\" content=\"https:\/\/musicsource.fr\/us\/wp-content\/uploads\/2024\/02\/Lorem-ipsum-dolor-sit-amet-consectetur-adipiscing-elit-sed-do-eiusmod-tempor-incididunt-ut-labore-et-dolore-magna-aliqua.-Ut-enim-ad-minim-veniam-quis-nostrud-exercitation-ullamco-laboris-nisi-.png\" \/>\n\t<meta property=\"og:image:width\" content=\"1080\" \/>\n\t<meta property=\"og:image:height\" content=\"1080\" \/>\n\t<meta property=\"og:image:type\" content=\"image\/png\" \/>\n<meta name=\"twitter:card\" content=\"summary_large_image\" \/>\n<meta name=\"twitter:label1\" content=\"Est. reading time\" \/>\n\t<meta name=\"twitter:data1\" content=\"1 minute\" \/>\n<script type=\"application\/ld+json\" class=\"yoast-schema-graph\">{\"@context\":\"https:\/\/schema.org\",\"@graph\":[{\"@type\":\"WebPage\",\"@id\":\"https:\/\/musicsource.fr\/us\/le-blog\/\",\"url\":\"https:\/\/musicsource.fr\/us\/le-blog\/\",\"name\":\"Le blog - Musique d'ambiance pour les spas et instituts de beaut\u00e9\",\"isPartOf\":{\"@id\":\"https:\/\/musicsource.fr\/us\/#website\"},\"primaryImageOfPage\":{\"@id\":\"https:\/\/musicsource.fr\/us\/le-blog\/#primaryimage\"},\"image\":{\"@id\":\"https:\/\/musicsource.fr\/us\/le-blog\/#primaryimage\"},\"thumbnailUrl\":\"https:\/\/musicsource.fr\/us\/wp-content\/uploads\/2024\/02\/Lorem-ipsum-dolor-sit-amet-consectetur-adipiscing-elit-sed-do-eiusmod-tempor-incididunt-ut-labore-et-dolore-magna-aliqua.-Ut-enim-ad-minim-veniam-quis-nostrud-exercitation-ullamco-laboris-nisi--1024x1024.png\",\"datePublished\":\"2024-01-24T07:54:30+00:00\",\"dateModified\":\"2024-12-18T16:10:57+00:00\",\"description\":\"D\u00e9couvrez notre biblioth\u00e8que et nos radios, \u00e9coutez de la musique con\u00e7ue pour les instituts de beaut\u00e9, les spas et les salons de massage.\",\"breadcrumb\":{\"@id\":\"https:\/\/musicsource.fr\/us\/le-blog\/#breadcrumb\"},\"inLanguage\":\"en-US\",\"potentialAction\":[{\"@type\":\"ReadAction\",\"target\":[\"https:\/\/musicsource.fr\/us\/le-blog\/\"]}]},{\"@type\":\"ImageObject\",\"inLanguage\":\"en-US\",\"@id\":\"https:\/\/musicsource.fr\/us\/le-blog\/#primaryimage\",\"url\":\"https:\/\/musicsource.fr\/us\/wp-content\/uploads\/2024\/02\/Lorem-ipsum-dolor-sit-amet-consectetur-adipiscing-elit-sed-do-eiusmod-tempor-incididunt-ut-labore-et-dolore-magna-aliqua.-Ut-enim-ad-minim-veniam-quis-nostrud-exercitation-ullamco-laboris-nisi-.png\",\"contentUrl\":\"https:\/\/musicsource.fr\/us\/wp-content\/uploads\/2024\/02\/Lorem-ipsum-dolor-sit-amet-consectetur-adipiscing-elit-sed-do-eiusmod-tempor-incididunt-ut-labore-et-dolore-magna-aliqua.-Ut-enim-ad-minim-veniam-quis-nostrud-exercitation-ullamco-laboris-nisi-.png\",\"width\":1080,\"height\":1080},{\"@type\":\"BreadcrumbList\",\"@id\":\"https:\/\/musicsource.fr\/us\/le-blog\/#breadcrumb\",\"itemListElement\":[{\"@type\":\"ListItem\",\"position\":1,\"name\":\"Accueil\",\"item\":\"https:\/\/musicsource.fr\/us\/\"},{\"@type\":\"ListItem\",\"position\":2,\"name\":\"Le blog\"}]},{\"@type\":\"WebSite\",\"@id\":\"https:\/\/musicsource.fr\/us\/#website\",\"url\":\"https:\/\/musicsource.fr\/us\/\",\"name\":\"Music Source\",\"description\":\"The music platform for wellness professionals\",\"publisher\":{\"@id\":\"https:\/\/musicsource.fr\/us\/#organization\"},\"potentialAction\":[{\"@type\":\"SearchAction\",\"target\":{\"@type\":\"EntryPoint\",\"urlTemplate\":\"https:\/\/musicsource.fr\/us\/?s={search_term_string}\"},\"query-input\":{\"@type\":\"PropertyValueSpecification\",\"valueRequired\":true,\"valueName\":\"search_term_string\"}}],\"inLanguage\":\"en-US\"},{\"@type\":\"Organization\",\"@id\":\"https:\/\/musicsource.fr\/us\/#organization\",\"name\":\"Music Source\",\"url\":\"https:\/\/musicsource.fr\/us\/\",\"logo\":{\"@type\":\"ImageObject\",\"inLanguage\":\"en-US\",\"@id\":\"https:\/\/musicsource.fr\/us\/#\/schema\/logo\/image\/\",\"url\":\"https:\/\/musicsource.fr\/us\/wp-content\/uploads\/2024\/06\/logo-good-e1646747199800.png\",\"contentUrl\":\"https:\/\/musicsource.fr\/us\/wp-content\/uploads\/2024\/06\/logo-good-e1646747199800.png\",\"width\":750,\"height\":753,\"caption\":\"Music Source\"},\"image\":{\"@id\":\"https:\/\/musicsource.fr\/us\/#\/schema\/logo\/image\/\"},\"sameAs\":[\"https:\/\/www.facebook.com\/MusicSourceFrance\",\"https:\/\/www.linkedin.com\/company\/musicsource\/\",\"https:\/\/www.instagram.com\/musicsourceapp\/\",\"https:\/\/www.youtube.com\/@MusicSource-jq4do\"]}]}<\/script>\n<!-- \/ Yoast SEO plugin. -->","yoast_head_json":{"title":"Le blog - Musique d'ambiance pour les spas et instituts de beaut\u00e9","description":"D\u00e9couvrez notre biblioth\u00e8que et nos radios, \u00e9coutez de la musique con\u00e7ue pour les instituts de beaut\u00e9, les spas et les salons de massage.","robots":{"index":"noindex","follow":"follow"},"og_locale":"en_US","og_type":"article","og_title":"Le blog - Musique d'ambiance pour les spas et instituts de beaut\u00e9","og_description":"D\u00e9couvrez notre biblioth\u00e8que et nos radios, \u00e9coutez de la musique con\u00e7ue pour les instituts de beaut\u00e9, les spas et les salons de massage.","og_url":"https:\/\/musicsource.fr\/us\/le-blog\/","og_site_name":"Music Source","article_publisher":"https:\/\/www.facebook.com\/MusicSourceFrance","article_modified_time":"2024-12-18T16:10:57+00:00","og_image":[{"width":1080,"height":1080,"url":"https:\/\/musicsource.fr\/us\/wp-content\/uploads\/2024\/02\/Lorem-ipsum-dolor-sit-amet-consectetur-adipiscing-elit-sed-do-eiusmod-tempor-incididunt-ut-labore-et-dolore-magna-aliqua.-Ut-enim-ad-minim-veniam-quis-nostrud-exercitation-ullamco-laboris-nisi-.png","type":"image\/png"}],"twitter_card":"summary_large_image","twitter_misc":{"Est. reading time":"1 minute"},"schema":{"@context":"https:\/\/schema.org","@graph":[{"@type":"WebPage","@id":"https:\/\/musicsource.fr\/us\/le-blog\/","url":"https:\/\/musicsource.fr\/us\/le-blog\/","name":"Le blog - Musique d'ambiance pour les spas et instituts de beaut\u00e9","isPartOf":{"@id":"https:\/\/musicsource.fr\/us\/#website"},"primaryImageOfPage":{"@id":"https:\/\/musicsource.fr\/us\/le-blog\/#primaryimage"},"image":{"@id":"https:\/\/musicsource.fr\/us\/le-blog\/#primaryimage"},"thumbnailUrl":"https:\/\/musicsource.fr\/us\/wp-content\/uploads\/2024\/02\/Lorem-ipsum-dolor-sit-amet-consectetur-adipiscing-elit-sed-do-eiusmod-tempor-incididunt-ut-labore-et-dolore-magna-aliqua.-Ut-enim-ad-minim-veniam-quis-nostrud-exercitation-ullamco-laboris-nisi--1024x1024.png","datePublished":"2024-01-24T07:54:30+00:00","dateModified":"2024-12-18T16:10:57+00:00","description":"D\u00e9couvrez notre biblioth\u00e8que et nos radios, \u00e9coutez de la musique con\u00e7ue pour les instituts de beaut\u00e9, les spas et les salons de massage.","breadcrumb":{"@id":"https:\/\/musicsource.fr\/us\/le-blog\/#breadcrumb"},"inLanguage":"en-US","potentialAction":[{"@type":"ReadAction","target":["https:\/\/musicsource.fr\/us\/le-blog\/"]}]},{"@type":"ImageObject","inLanguage":"en-US","@id":"https:\/\/musicsource.fr\/us\/le-blog\/#primaryimage","url":"https:\/\/musicsource.fr\/us\/wp-content\/uploads\/2024\/02\/Lorem-ipsum-dolor-sit-amet-consectetur-adipiscing-elit-sed-do-eiusmod-tempor-incididunt-ut-labore-et-dolore-magna-aliqua.-Ut-enim-ad-minim-veniam-quis-nostrud-exercitation-ullamco-laboris-nisi-.png","contentUrl":"https:\/\/musicsource.fr\/us\/wp-content\/uploads\/2024\/02\/Lorem-ipsum-dolor-sit-amet-consectetur-adipiscing-elit-sed-do-eiusmod-tempor-incididunt-ut-labore-et-dolore-magna-aliqua.-Ut-enim-ad-minim-veniam-quis-nostrud-exercitation-ullamco-laboris-nisi-.png","width":1080,"height":1080},{"@type":"BreadcrumbList","@id":"https:\/\/musicsource.fr\/us\/le-blog\/#breadcrumb","itemListElement":[{"@type":"ListItem","position":1,"name":"Accueil","item":"https:\/\/musicsource.fr\/us\/"},{"@type":"ListItem","position":2,"name":"Le blog"}]},{"@type":"WebSite","@id":"https:\/\/musicsource.fr\/us\/#website","url":"https:\/\/musicsource.fr\/us\/","name":"Music Source","description":"The music platform for wellness professionals","publisher":{"@id":"https:\/\/musicsource.fr\/us\/#organization"},"potentialAction":[{"@type":"SearchAction","target":{"@type":"EntryPoint","urlTemplate":"https:\/\/musicsource.fr\/us\/?s={search_term_string}"},"query-input":{"@type":"PropertyValueSpecification","valueRequired":true,"valueName":"search_term_string"}}],"inLanguage":"en-US"},{"@type":"Organization","@id":"https:\/\/musicsource.fr\/us\/#organization","name":"Music Source","url":"https:\/\/musicsource.fr\/us\/","logo":{"@type":"ImageObject","inLanguage":"en-US","@id":"https:\/\/musicsource.fr\/us\/#\/schema\/logo\/image\/","url":"https:\/\/musicsource.fr\/us\/wp-content\/uploads\/2024\/06\/logo-good-e1646747199800.png","contentUrl":"https:\/\/musicsource.fr\/us\/wp-content\/uploads\/2024\/06\/logo-good-e1646747199800.png","width":750,"height":753,"caption":"Music Source"},"image":{"@id":"https:\/\/musicsource.fr\/us\/#\/schema\/logo\/image\/"},"sameAs":["https:\/\/www.facebook.com\/MusicSourceFrance","https:\/\/www.linkedin.com\/company\/musicsource\/","https:\/\/www.instagram.com\/musicsourceapp\/","https:\/\/www.youtube.com\/@MusicSource-jq4do"]}]}},"_links":{"self":[{"href":"https:\/\/musicsource.fr\/us\/wp-json\/wp\/v2\/pages\/24","targetHints":{"allow":["GET"]}}],"collection":[{"href":"https:\/\/musicsource.fr\/us\/wp-json\/wp\/v2\/pages"}],"about":[{"href":"https:\/\/musicsource.fr\/us\/wp-json\/wp\/v2\/types\/page"}],"author":[{"embeddable":true,"href":"https:\/\/musicsource.fr\/us\/wp-json\/wp\/v2\/users\/19"}],"replies":[{"embeddable":true,"href":"https:\/\/musicsource.fr\/us\/wp-json\/wp\/v2\/comments?post=24"}],"version-history":[{"count":10,"href":"https:\/\/musicsource.fr\/us\/wp-json\/wp\/v2\/pages\/24\/revisions"}],"predecessor-version":[{"id":621,"href":"https:\/\/musicsource.fr\/us\/wp-json\/wp\/v2\/pages\/24\/revisions\/621"}],"wp:attachment":[{"href":"https:\/\/musicsource.fr\/us\/wp-json\/wp\/v2\/media?parent=24"}],"curies":[{"name":"wp","href":"https:\/\/api.w.org\/{rel}","templated":true}]}}