 {"id":5455,"date":"2024-06-17T12:25:42","date_gmt":"2024-06-17T10:25:42","guid":{"rendered":"https:\/\/preview.musicsource.fr\/?page_id=5455"},"modified":"2024-07-03T19:17:21","modified_gmt":"2024-07-03T17:17:21","slug":"cgv","status":"publish","type":"page","link":"https:\/\/musicsource.fr\/us\/cgv\/","title":{"rendered":"CGV"},"content":{"rendered":"\t\t<div data-elementor-type=\"wp-page\" data-elementor-id=\"5455\" class=\"elementor elementor-5455\">\n\t\t\t\t<div class=\"elementor-element elementor-element-5df34a70 e-flex e-con-boxed e-con e-parent\" data-id=\"5df34a70\" data-element_type=\"container\" data-e-type=\"container\" data-settings=\"{&quot;background_background&quot;:&quot;gradient&quot;}\">\n\t\t\t\t\t<div class=\"e-con-inner\">\n\t\t<div class=\"elementor-element elementor-element-31ffecd0 e-con-full e-flex e-con e-child\" data-id=\"31ffecd0\" data-element_type=\"container\" data-e-type=\"container\">\n\t\t\t\t<div class=\"elementor-element elementor-element-378a77e3 elementor-widget elementor-widget-heading\" data-id=\"378a77e3\" data-element_type=\"widget\" data-e-type=\"widget\" data-widget_type=\"heading.default\">\n\t\t\t\t<div class=\"elementor-widget-container\">\n\t\t\t\t\t<h2 class=\"elementor-heading-title elementor-size-default\">Conditions G\u00e9n\u00e9rales de Vente<\/h2>\t\t\t\t<\/div>\n\t\t\t\t<\/div>\n\t\t\t\t<\/div>\n\t\t\t\t\t<\/div>\n\t\t\t\t<\/div>\n\t\t<div class=\"elementor-element elementor-element-04241c6 e-flex e-con-boxed e-con e-parent\" data-id=\"04241c6\" data-element_type=\"container\" data-e-type=\"container\">\n\t\t\t\t\t<div class=\"e-con-inner\">\n\t\t\t\t<div class=\"elementor-element elementor-element-10ab8ac elementor-widget elementor-widget-text-editor\" data-id=\"10ab8ac\" data-element_type=\"widget\" data-e-type=\"widget\" data-widget_type=\"text-editor.default\">\n\t\t\t\t<div class=\"elementor-widget-container\">\n\t\t\t\t\t\t\t\t\t<p><b>&nbsp;<\/b><span style=\"background-color: var(--ast-global-color-5); color: var( --e-global-color-text ); font-family: var( --e-global-typography-text-font-family ), Sans-serif; font-style: inherit; text-align: var(--text-align); font-weight: inherit;\">Les pr\u00e9sentes conditions de vente sont \u00e9tablies entre la soci\u00e9t\u00e9 ORIGINS GROUP dont le si\u00e8ge social est situ\u00e9 au 4 bis ruelle de la fontaine, 72400 La Fert\u00e9-Bernard, immatricul\u00e9e au Registre du Commerce et des Soci\u00e9t\u00e9s de Le Mans sous le num\u00e9ro 2020B1062 ci-apr\u00e8s d\u00e9nomm\u00e9e &#8220;ORIGINS GROUP&#8221; et g\u00e9rant le site Music Source (www.musicsource.fr) et toute personne physique ou morale souhaitant proc\u00e9der \u00e0 un achat via le site internet Music Source (www.musicsource.fr) d\u00e9nomm\u00e9e ci-apr\u00e8s &#8221; l\u2019acheteur &#8220;.<\/span><\/p>\n<p><b>Article 1. Objet<\/b><\/p>\n<p><span style=\"font-weight: 400;\">Les pr\u00e9sentes conditions de vente visent \u00e0 d\u00e9finir les relations contractuelles entre ORIGINS GROUP<\/span> <span style=\"font-weight: 400;\">et l\u2019acheteur, et les conditions applicables \u00e0 tout achat effectu\u00e9 par le biais du site internet Music Source (www.musicsource.fr). La souscription \u00e0 un abonnement \u00e0 travers le pr\u00e9sent site implique une acceptation sans r\u00e9serve par l\u2019acheteur des pr\u00e9sentes conditions de vente, dont l\u2019acheteur reconna\u00eet avoir pris connaissance pr\u00e9alablement \u00e0 sa commande. Avant toute transaction, l\u2019acheteur d\u00e9clare avoir la pleine capacit\u00e9 juridique, lui permettant de s\u2019engager au titre des pr\u00e9sentes conditions g\u00e9n\u00e9rales de ventes.<\/span><\/p>\n<p><span style=\"font-weight: 400;\">La soci\u00e9t\u00e9 ORIGINS GROUP<\/span> <span style=\"font-weight: 400;\">conserve la possibilit\u00e9 de modifier \u00e0 tout moment ces conditions de ventes, afin de respecter toute nouvelle r\u00e9glementation ou dans le but d&#8217;am\u00e9liorer l\u2019utilisation de son site. De ce fait, les conditions applicables seront celles en vigueur \u00e0 la date de la commande par l\u2019acheteur.<\/span><\/p>\n<p><b>Article 2. Abonnements<\/b><\/p>\n<p><span style=\"font-weight: 400;\">Les abonnements propos\u00e9s sont ceux qui figurent sur le site Music Source (www.musicsource.fr) de la soci\u00e9t\u00e9 ORIGINS GROUP. La soci\u00e9t\u00e9 ORIGINS GROUP<\/span> <span style=\"font-weight: 400;\">se r\u00e9serve le droit de modifier \u00e0 tout moment la nature. Chaque abonnement est pr\u00e9sent\u00e9 sur le site internet sous forme d\u2019un descriptif reprenant ses principales caract\u00e9ristiques techniques.&nbsp;<\/span><\/p>\n<p><b>Article 3. Tarifs<\/b><\/p>\n<p><span style=\"font-weight: 400;\">Les prix figurant sur les fiches abonnements du catalogue internet et sont des prix en Euros (\u20ac) toutes taxes comprises (TTC) tenant compte de la TVA applicable au jour de la commande. Tout changement du taux de la TVA pourra \u00eatre r\u00e9percut\u00e9 sur le prix des abonnements. La soci\u00e9t\u00e9 ORIGINS GROUP<\/span> <span style=\"font-weight: 400;\">se r\u00e9serve le droit de modifier ses prix \u00e0 tout moment, \u00e9tant toutefois entendu que le prix figurant au catalogue le jour de la commande sera le seul applicable \u00e0 l\u2019acheteur.&nbsp;<\/span><\/p>\n<p><b>Article 4. Commande et modalit\u00e9s de paiement<\/b><\/p>\n<p><span style=\"font-weight: 400;\">Avant toute commande, l\u2019acheteur doit cr\u00e9er un compte sur le site Music Source (www.musicsource.fr). La rubrique de cr\u00e9ation de compte est accessible directement depuis la barre de menu lat\u00e9rale. Si l\u2019acheteur souhaite souscrire un abonnement ou consulter son compte, il devra s\u2019identifier \u00e0 l\u2019aide de ces informations. La soci\u00e9t\u00e9 ORIGINS GROUP<\/span> <span style=\"font-weight: 400;\">propose \u00e0 l\u2019acheteur de r\u00e9gler ses abonnements par Carte Bancaire, PayPal, Apple Pay ou Google Pay.<\/span><\/p>\n<p><span style=\"font-weight: 400;\">La souscription \u00e0 un abonnement entra\u00eene l\u2019acceptation des pr\u00e9sentes conditions de vente, la reconnaissance d\u2019en avoir parfaite connaissance et la renonciation \u00e0 se pr\u00e9valoir de ses propres conditions d\u2019achat. L\u2019ensemble des donn\u00e9es fournies et la confirmation enregistr\u00e9e vaudront preuve de la transaction. La soci\u00e9t\u00e9 ORIGINS GROUP<\/span> <span style=\"font-weight: 400;\">communiquera \u00e0 l\u2019acheteur par courrier \u00e9lectronique la confirmation de l\u2019enregistrement de sa commande.<\/span><\/p>\n<p><span style=\"font-weight: 400;\">Si l\u2019acheteur souhaite contacter la soci\u00e9t\u00e9 ORIGINS GROUP<\/span><span style=\"font-weight: 400;\">, <\/span><span style=\"font-weight: 400;\">il peut le faire soit par courrier au <\/span><i><span style=\"font-weight: 400;\">4 bis ruelle de la Fontaine, 72400 La Fert\u00e9-Bernard, FRANCE<\/span><\/i><span style=\"font-weight: 400;\"> ; soit par email \u00e0 l\u2019adresse <\/span><i><span style=\"font-weight: 400;\">contact@musicsource.fr<\/span><\/i><span style=\"font-weight: 400;\">, soit par t\u00e9l\u00e9phone au <\/span><i><span style=\"font-weight: 400;\">07 56 89 39 11<\/span><\/i><span style=\"font-weight: 400;\">.<\/span><\/p>\n<p><b>Article 5. Responsabilit\u00e9<\/b><\/p>\n<p><span style=\"font-weight: 400;\">La soci\u00e9t\u00e9 ORIGINS GROUP<\/span><span style=\"font-weight: 400;\">, <\/span><span style=\"font-weight: 400;\">dans le processus de vente \u00e0 distance, n\u2019est tenue que par une obligation de moyens. Sa responsabilit\u00e9 ne pourra \u00eatre engag\u00e9e pour un dommage r\u00e9sultant de l\u2019utilisation du r\u00e9seau Internet tel que perte de donn\u00e9es, intrusion, virus, rupture du service, ou autres probl\u00e8mes involontaires.<\/span><\/p>\n<p><b>Article 6. Propri\u00e9t\u00e9 intellectuelle<\/b><\/p>\n<p><span style=\"font-weight: 400;\">Tous les \u00e9l\u00e9ments du site Music Source (www.musicsource.fr) sont et restent la propri\u00e9t\u00e9 intellectuelle et exclusive de la soci\u00e9t\u00e9 ORIGINS GROUP<\/span><span style=\"font-weight: 400;\">. <\/span><span style=\"font-weight: 400;\">Personne n\u2019est autoris\u00e9 \u00e0 reproduire, exploiter, ou utiliser \u00e0 quelque titre que ce soit, m\u00eame partiellement, des \u00e9l\u00e9ments du site qu\u2019ils soient sous forme d\u2019audio, photo, logo, visuel ou texte.<\/span><\/p>\n<p><b>Article 7. Donn\u00e9es \u00e0 caract\u00e8re personnel<\/b><\/p>\n<p><span style=\"font-weight: 400;\">La soci\u00e9t\u00e9 ORIGINS GROUP<\/span> <span style=\"font-weight: 400;\">s&#8217;engage \u00e0 pr\u00e9server la confidentialit\u00e9 des informations fournies par l\u2019acheteur, qu&#8217;il serait amen\u00e9 \u00e0 transmettre pour l&#8217;utilisation de certains services. Toute information le concernant est soumise aux dispositions de la loi n\u00b0 78-17 du 6 janvier 1978. A ce titre, l&#8217;internaute dispose d&#8217;un droit d&#8217;acc\u00e8s, de modification et de suppression des informations le concernant. Il peut en faire la demande \u00e0 tout moment par courrier \u00e0 l\u2019adresse <\/span><i><span style=\"font-weight: 400;\">4 bis ruelle de la Fontaine, 72400 La Fert\u00e9-Bernard, FRANCE.<\/span><\/i><\/p>\n<p><b>Article 8. R\u00e8glement des litiges<\/b><\/p>\n<p><span style=\"font-weight: 400;\">Les pr\u00e9sentes conditions de vente \u00e0 distance sont soumises \u00e0 la loi fran\u00e7aise. Pour tous litiges ou contentieux, le Tribunal comp\u00e9tent sera celui de Paris.<\/span><\/p>\n<p><\/p>\t\t\t\t\t\t\t\t<\/div>\n\t\t\t\t<\/div>\n\t\t\t\t\t<\/div>\n\t\t\t\t<\/div>\n\t\t\t\t<\/div>\n\t\t","protected":false},"excerpt":{"rendered":"<p>Conditions G\u00e9n\u00e9rales de Vente &nbsp;Les pr\u00e9sentes conditions de vente sont \u00e9tablies entre la soci\u00e9t\u00e9 ORIGINS GROUP dont le si\u00e8ge social [&hellip;]<\/p>\n","protected":false},"author":19,"featured_media":0,"parent":0,"menu_order":0,"comment_status":"closed","ping_status":"closed","template":"","meta":{"_crdt_document":"","site-sidebar-layout":"no-sidebar","site-content-layout":"","ast-site-content-layout":"full-width-container","site-content-style":"default","site-sidebar-style":"default","ast-global-header-display":"","ast-banner-title-visibility":"","ast-main-header-display":"","ast-hfb-above-header-display":"","ast-hfb-below-header-display":"","ast-hfb-mobile-header-display":"","site-post-title":"disabled","ast-breadcrumbs-content":"","ast-featured-img":"disabled","footer-sml-layout":"","ast-disable-related-posts":"","theme-transparent-header-meta":"","adv-header-id-meta":"","stick-header-meta":"","header-above-stick-meta":"","header-main-stick-meta":"","header-below-stick-meta":"","astra-migrate-meta-layouts":"default","ast-page-background-enabled":"default","ast-page-background-meta":{"desktop":{"background-color":"var(--ast-global-color-4)","background-image":"","background-repeat":"repeat","background-position":"center center","background-size":"auto","background-attachment":"scroll","background-type":"","background-media":"","overlay-type":"","overlay-color":"","overlay-opacity":"","overlay-gradient":""},"tablet":{"background-color":"","background-image":"","background-repeat":"repeat","background-position":"center center","background-size":"auto","background-attachment":"scroll","background-type":"","background-media":"","overlay-type":"","overlay-color":"","overlay-opacity":"","overlay-gradient":""},"mobile":{"background-color":"","background-image":"","background-repeat":"repeat","background-position":"center center","background-size":"auto","background-attachment":"scroll","background-type":"","background-media":"","overlay-type":"","overlay-color":"","overlay-opacity":"","overlay-gradient":""}},"ast-content-background-meta":{"desktop":{"background-color":"var(--ast-global-color-5)","background-image":"","background-repeat":"repeat","background-position":"center center","background-size":"auto","background-attachment":"scroll","background-type":"","background-media":"","overlay-type":"","overlay-color":"","overlay-opacity":"","overlay-gradient":""},"tablet":{"background-color":"var(--ast-global-color-5)","background-image":"","background-repeat":"repeat","background-position":"center center","background-size":"auto","background-attachment":"scroll","background-type":"","background-media":"","overlay-type":"","overlay-color":"","overlay-opacity":"","overlay-gradient":""},"mobile":{"background-color":"var(--ast-global-color-5)","background-image":"","background-repeat":"repeat","background-position":"center center","background-size":"auto","background-attachment":"scroll","background-type":"","background-media":"","overlay-type":"","overlay-color":"","overlay-opacity":"","overlay-gradient":""}},"footnotes":""},"class_list":["post-5455","page","type-page","status-publish","hentry"],"yoast_head":"<!-- This site is optimized with the Yoast SEO plugin v27.2 - https:\/\/yoast.com\/product\/yoast-seo-wordpress\/ -->\n<title>CGV - Musique d&#039;ambiance pour les spas et instituts de beaut\u00e9<\/title>\n<meta name=\"description\" content=\"D\u00e9couvrez notre biblioth\u00e8que et nos radios, \u00e9coutez de la musique con\u00e7ue pour les instituts de beaut\u00e9, les spas et les salons de massage.\" \/>\n<meta name=\"robots\" content=\"noindex, follow\" \/>\n<meta property=\"og:locale\" content=\"en_US\" \/>\n<meta property=\"og:type\" content=\"article\" \/>\n<meta property=\"og:title\" content=\"CGV - Musique d&#039;ambiance pour les spas et instituts de beaut\u00e9\" \/>\n<meta property=\"og:description\" content=\"D\u00e9couvrez notre biblioth\u00e8que et nos radios, \u00e9coutez de la musique con\u00e7ue pour les instituts de beaut\u00e9, les spas et les salons de massage.\" \/>\n<meta property=\"og:url\" content=\"https:\/\/musicsource.fr\/us\/cgv\/\" \/>\n<meta property=\"og:site_name\" content=\"Music Source\" \/>\n<meta property=\"article:publisher\" content=\"https:\/\/www.facebook.com\/MusicSourceFrance\" \/>\n<meta property=\"article:modified_time\" content=\"2024-07-03T17:17:21+00:00\" \/>\n<meta name=\"twitter:card\" content=\"summary_large_image\" \/>\n<meta name=\"twitter:label1\" content=\"Est. reading time\" \/>\n\t<meta name=\"twitter:data1\" content=\"4 minutes\" \/>\n<script type=\"application\/ld+json\" class=\"yoast-schema-graph\">{\"@context\":\"https:\/\/schema.org\",\"@graph\":[{\"@type\":\"WebPage\",\"@id\":\"https:\/\/musicsource.fr\/us\/cgv\/\",\"url\":\"https:\/\/musicsource.fr\/us\/cgv\/\",\"name\":\"CGV - Musique d'ambiance pour les spas et instituts de beaut\u00e9\",\"isPartOf\":{\"@id\":\"https:\/\/musicsource.fr\/us\/#website\"},\"datePublished\":\"2024-06-17T10:25:42+00:00\",\"dateModified\":\"2024-07-03T17:17:21+00:00\",\"description\":\"D\u00e9couvrez notre biblioth\u00e8que et nos radios, \u00e9coutez de la musique con\u00e7ue pour les instituts de beaut\u00e9, les spas et les salons de massage.\",\"breadcrumb\":{\"@id\":\"https:\/\/musicsource.fr\/us\/cgv\/#breadcrumb\"},\"inLanguage\":\"en-US\",\"potentialAction\":[{\"@type\":\"ReadAction\",\"target\":[\"https:\/\/musicsource.fr\/us\/cgv\/\"]}]},{\"@type\":\"BreadcrumbList\",\"@id\":\"https:\/\/musicsource.fr\/us\/cgv\/#breadcrumb\",\"itemListElement\":[{\"@type\":\"ListItem\",\"position\":1,\"name\":\"Accueil\",\"item\":\"https:\/\/musicsource.fr\/us\/\"},{\"@type\":\"ListItem\",\"position\":2,\"name\":\"CGV\"}]},{\"@type\":\"WebSite\",\"@id\":\"https:\/\/musicsource.fr\/us\/#website\",\"url\":\"https:\/\/musicsource.fr\/us\/\",\"name\":\"Music Source\",\"description\":\"The music platform for wellness professionals\",\"publisher\":{\"@id\":\"https:\/\/musicsource.fr\/us\/#organization\"},\"potentialAction\":[{\"@type\":\"SearchAction\",\"target\":{\"@type\":\"EntryPoint\",\"urlTemplate\":\"https:\/\/musicsource.fr\/us\/?s={search_term_string}\"},\"query-input\":{\"@type\":\"PropertyValueSpecification\",\"valueRequired\":true,\"valueName\":\"search_term_string\"}}],\"inLanguage\":\"en-US\"},{\"@type\":\"Organization\",\"@id\":\"https:\/\/musicsource.fr\/us\/#organization\",\"name\":\"Music Source\",\"url\":\"https:\/\/musicsource.fr\/us\/\",\"logo\":{\"@type\":\"ImageObject\",\"inLanguage\":\"en-US\",\"@id\":\"https:\/\/musicsource.fr\/us\/#\/schema\/logo\/image\/\",\"url\":\"https:\/\/musicsource.fr\/us\/wp-content\/uploads\/2024\/06\/logo-good-e1646747199800.png\",\"contentUrl\":\"https:\/\/musicsource.fr\/us\/wp-content\/uploads\/2024\/06\/logo-good-e1646747199800.png\",\"width\":750,\"height\":753,\"caption\":\"Music Source\"},\"image\":{\"@id\":\"https:\/\/musicsource.fr\/us\/#\/schema\/logo\/image\/\"},\"sameAs\":[\"https:\/\/www.facebook.com\/MusicSourceFrance\",\"https:\/\/www.linkedin.com\/company\/musicsource\/\",\"https:\/\/www.instagram.com\/musicsourceapp\/\",\"https:\/\/www.youtube.com\/@MusicSource-jq4do\"]}]}<\/script>\n<!-- \/ Yoast SEO plugin. -->","yoast_head_json":{"title":"CGV - Musique d'ambiance pour les spas et instituts de beaut\u00e9","description":"D\u00e9couvrez notre biblioth\u00e8que et nos radios, \u00e9coutez de la musique con\u00e7ue pour les instituts de beaut\u00e9, les spas et les salons de massage.","robots":{"index":"noindex","follow":"follow"},"og_locale":"en_US","og_type":"article","og_title":"CGV - Musique d'ambiance pour les spas et instituts de beaut\u00e9","og_description":"D\u00e9couvrez notre biblioth\u00e8que et nos radios, \u00e9coutez de la musique con\u00e7ue pour les instituts de beaut\u00e9, les spas et les salons de massage.","og_url":"https:\/\/musicsource.fr\/us\/cgv\/","og_site_name":"Music Source","article_publisher":"https:\/\/www.facebook.com\/MusicSourceFrance","article_modified_time":"2024-07-03T17:17:21+00:00","twitter_card":"summary_large_image","twitter_misc":{"Est. reading time":"4 minutes"},"schema":{"@context":"https:\/\/schema.org","@graph":[{"@type":"WebPage","@id":"https:\/\/musicsource.fr\/us\/cgv\/","url":"https:\/\/musicsource.fr\/us\/cgv\/","name":"CGV - Musique d'ambiance pour les spas et instituts de beaut\u00e9","isPartOf":{"@id":"https:\/\/musicsource.fr\/us\/#website"},"datePublished":"2024-06-17T10:25:42+00:00","dateModified":"2024-07-03T17:17:21+00:00","description":"D\u00e9couvrez notre biblioth\u00e8que et nos radios, \u00e9coutez de la musique con\u00e7ue pour les instituts de beaut\u00e9, les spas et les salons de massage.","breadcrumb":{"@id":"https:\/\/musicsource.fr\/us\/cgv\/#breadcrumb"},"inLanguage":"en-US","potentialAction":[{"@type":"ReadAction","target":["https:\/\/musicsource.fr\/us\/cgv\/"]}]},{"@type":"BreadcrumbList","@id":"https:\/\/musicsource.fr\/us\/cgv\/#breadcrumb","itemListElement":[{"@type":"ListItem","position":1,"name":"Accueil","item":"https:\/\/musicsource.fr\/us\/"},{"@type":"ListItem","position":2,"name":"CGV"}]},{"@type":"WebSite","@id":"https:\/\/musicsource.fr\/us\/#website","url":"https:\/\/musicsource.fr\/us\/","name":"Music Source","description":"The music platform for wellness professionals","publisher":{"@id":"https:\/\/musicsource.fr\/us\/#organization"},"potentialAction":[{"@type":"SearchAction","target":{"@type":"EntryPoint","urlTemplate":"https:\/\/musicsource.fr\/us\/?s={search_term_string}"},"query-input":{"@type":"PropertyValueSpecification","valueRequired":true,"valueName":"search_term_string"}}],"inLanguage":"en-US"},{"@type":"Organization","@id":"https:\/\/musicsource.fr\/us\/#organization","name":"Music Source","url":"https:\/\/musicsource.fr\/us\/","logo":{"@type":"ImageObject","inLanguage":"en-US","@id":"https:\/\/musicsource.fr\/us\/#\/schema\/logo\/image\/","url":"https:\/\/musicsource.fr\/us\/wp-content\/uploads\/2024\/06\/logo-good-e1646747199800.png","contentUrl":"https:\/\/musicsource.fr\/us\/wp-content\/uploads\/2024\/06\/logo-good-e1646747199800.png","width":750,"height":753,"caption":"Music Source"},"image":{"@id":"https:\/\/musicsource.fr\/us\/#\/schema\/logo\/image\/"},"sameAs":["https:\/\/www.facebook.com\/MusicSourceFrance","https:\/\/www.linkedin.com\/company\/musicsource\/","https:\/\/www.instagram.com\/musicsourceapp\/","https:\/\/www.youtube.com\/@MusicSource-jq4do"]}]}},"_links":{"self":[{"href":"https:\/\/musicsource.fr\/us\/wp-json\/wp\/v2\/pages\/5455","targetHints":{"allow":["GET"]}}],"collection":[{"href":"https:\/\/musicsource.fr\/us\/wp-json\/wp\/v2\/pages"}],"about":[{"href":"https:\/\/musicsource.fr\/us\/wp-json\/wp\/v2\/types\/page"}],"author":[{"embeddable":true,"href":"https:\/\/musicsource.fr\/us\/wp-json\/wp\/v2\/users\/19"}],"replies":[{"embeddable":true,"href":"https:\/\/musicsource.fr\/us\/wp-json\/wp\/v2\/comments?post=5455"}],"version-history":[{"count":13,"href":"https:\/\/musicsource.fr\/us\/wp-json\/wp\/v2\/pages\/5455\/revisions"}],"predecessor-version":[{"id":6179,"href":"https:\/\/musicsource.fr\/us\/wp-json\/wp\/v2\/pages\/5455\/revisions\/6179"}],"wp:attachment":[{"href":"https:\/\/musicsource.fr\/us\/wp-json\/wp\/v2\/media?parent=5455"}],"curies":[{"name":"wp","href":"https:\/\/api.w.org\/{rel}","templated":true}]}}