 {"id":648,"date":"2024-02-15T14:57:08","date_gmt":"2024-02-15T13:57:08","guid":{"rendered":"https:\/\/preview.musicsource.fr\/?page_id=648"},"modified":"2024-11-13T15:58:36","modified_gmt":"2024-11-13T14:58:36","slug":"reinitialisation-du-mot-de-passe","status":"publish","type":"page","link":"https:\/\/musicsource.fr\/us\/reinitialisation-du-mot-de-passe\/","title":{"rendered":"R\u00e9initialisation du mot de passe"},"content":{"rendered":"\t\t<div data-elementor-type=\"wp-page\" data-elementor-id=\"648\" class=\"elementor elementor-648\">\n\t\t\t\t<div class=\"elementor-element elementor-element-1e6b4ae7 e-flex e-con-boxed e-con e-parent\" data-id=\"1e6b4ae7\" data-element_type=\"container\" data-e-type=\"container\" data-settings=\"{&quot;background_background&quot;:&quot;gradient&quot;}\">\n\t\t\t\t\t<div class=\"e-con-inner\">\n\t\t<div class=\"elementor-element elementor-element-5031fcb0 e-con-full e-flex e-con e-child\" data-id=\"5031fcb0\" data-element_type=\"container\" data-e-type=\"container\">\n\t\t\t\t<div class=\"elementor-element elementor-element-34281938 elementor-widget elementor-widget-heading\" data-id=\"34281938\" data-element_type=\"widget\" data-e-type=\"widget\" data-widget_type=\"heading.default\">\n\t\t\t\t<div class=\"elementor-widget-container\">\n\t\t\t\t\t<h2 class=\"elementor-heading-title elementor-size-default\">Forgot password ?<\/h2>\t\t\t\t<\/div>\n\t\t\t\t<\/div>\n\t\t\t\t<\/div>\n\t\t\t\t\t<\/div>\n\t\t\t\t<\/div>\n\t\t<div class=\"elementor-element elementor-element-1297cc9 e-flex e-con-boxed e-con e-parent\" data-id=\"1297cc9\" data-element_type=\"container\" data-e-type=\"container\">\n\t\t\t\t\t<div class=\"e-con-inner\">\n\t\t\t\t<div class=\"elementor-element elementor-element-d2d473e elementor-widget elementor-widget-shortcode\" data-id=\"d2d473e\" data-element_type=\"widget\" data-e-type=\"widget\" data-widget_type=\"shortcode.default\">\n\t\t\t\t<div class=\"elementor-widget-container\">\n\t\t\t\t\t\t\t<div class=\"elementor-shortcode\"><div class=\"um um-password um-um_password_id\">\n\t<div class=\"um-form\">\n\t\t<form method=\"post\" action=\"\">\n\t\t\t\n\t\t\t\t<input type=\"hidden\" name=\"_um_password_reset\" id=\"_um_password_reset\" value=\"1\" \/>\n\n\t\t\t\t\t\t\t\t\t<div class=\"um-field um-field-block um-field-type_block\">\n\t\t\t\t\t\t<div class=\"um-field-block\">\n\t\t\t\t\t\t\t<div style=\"text-align:center;\">\n\t\t\t\t\t\t\t\tTo reset your password, please enter your email address or username below.\t\t\t\t\t\t\t<\/div>\n\t\t\t\t\t\t<\/div>\n\t\t\t\t\t<\/div>\n\t\t\t\t\t<div  id=\"um_field_0_username_b\" class=\"um-field um-field-text  um-field-username_b um-field-text um-field-type_text\" data-key=\"username_b\"><div class=\"um-field-area\"><input  autocomplete=\"off\" class=\"um-form-field valid \" type=\"text\" name=\"username_b\" id=\"username_b\" value=\"\" placeholder=\"Enter your username or email\" data-validate=\"\" data-key=\"username_b\"  aria-invalid=\"false\" \/>\n\n\t\t\t\t\t\t<\/div><\/div>\t\t\t\t<div class=\"um-col-alt um-col-alt-b\">\n\t\t\t\t\t<div class=\"um-center\">\n\t\t\t\t\t\t<input type=\"submit\" value=\"Reset password\" class=\"um-button\" id=\"um-submit-btn\" \/>\n\t\t\t\t\t<\/div>\n\t\t\t\t\t<div class=\"um-clear\"><\/div>\n\t\t\t\t<\/div>\n\t\t\t\t\t<input type=\"hidden\" name=\"form_id\" id=\"form_id_um_password_id\" value=\"um_password_id\" \/>\n\t\t<p class=\"um_request_name\">\n\t\t<label for=\"um_request_um_password_id\">Only fill in if you are not human<\/label>\n\t\t<input type=\"hidden\" name=\"um_request\" id=\"um_request_um_password_id\" class=\"input\" value=\"\" size=\"25\" autocomplete=\"off\" \/>\n\t<\/p>\n\t\t\t<\/form>\n\t<\/div>\n<\/div>\n<style>\n\t\t\t.um-um_password_id.um {\n\t\t\tmax-width: 450px;\n\t\t}\n\t\t<\/style>\n<\/div>\n\t\t\t\t\t\t<\/div>\n\t\t\t\t<\/div>\n\t\t\t\t<div class=\"elementor-element elementor-element-57fed92 elementor-widget elementor-widget-html\" data-id=\"57fed92\" data-element_type=\"widget\" data-e-type=\"widget\" data-widget_type=\"html.default\">\n\t\t\t\t<div class=\"elementor-widget-container\">\n\t\t\t\t\t<script defer>\n    if (document.getElementById(\"username_b\"))\n        document.getElementById(\"username_b\").placeholder = \"\";\n    if (document.getElementById(\"confirm_user_password\"))\n        document.getElementById(\"confirm_user_password\").placeholder = \"\"\n<\/script>\t\t\t\t<\/div>\n\t\t\t\t<\/div>\n\t\t\t\t\t<\/div>\n\t\t\t\t<\/div>\n\t\t\t\t<\/div>\n\t\t","protected":false},"excerpt":{"rendered":"<p>Forgot password ?<\/p>\n","protected":false},"author":19,"featured_media":0,"parent":0,"menu_order":0,"comment_status":"closed","ping_status":"closed","template":"","meta":{"_crdt_document":"","site-sidebar-layout":"no-sidebar","site-content-layout":"","ast-site-content-layout":"full-width-container","site-content-style":"default","site-sidebar-style":"default","ast-global-header-display":"","ast-banner-title-visibility":"","ast-main-header-display":"","ast-hfb-above-header-display":"","ast-hfb-below-header-display":"","ast-hfb-mobile-header-display":"","site-post-title":"disabled","ast-breadcrumbs-content":"","ast-featured-img":"disabled","footer-sml-layout":"","ast-disable-related-posts":"","theme-transparent-header-meta":"","adv-header-id-meta":"","stick-header-meta":"","header-above-stick-meta":"","header-main-stick-meta":"","header-below-stick-meta":"","astra-migrate-meta-layouts":"default","ast-page-background-enabled":"default","ast-page-background-meta":{"desktop":{"background-color":"var(--ast-global-color-4)","background-image":"","background-repeat":"repeat","background-position":"center center","background-size":"auto","background-attachment":"scroll","background-type":"","background-media":"","overlay-type":"","overlay-color":"","overlay-opacity":"","overlay-gradient":""},"tablet":{"background-color":"","background-image":"","background-repeat":"repeat","background-position":"center center","background-size":"auto","background-attachment":"scroll","background-type":"","background-media":"","overlay-type":"","overlay-color":"","overlay-opacity":"","overlay-gradient":""},"mobile":{"background-color":"","background-image":"","background-repeat":"repeat","background-position":"center center","background-size":"auto","background-attachment":"scroll","background-type":"","background-media":"","overlay-type":"","overlay-color":"","overlay-opacity":"","overlay-gradient":""}},"ast-content-background-meta":{"desktop":{"background-color":"var(--ast-global-color-5)","background-image":"","background-repeat":"repeat","background-position":"center center","background-size":"auto","background-attachment":"scroll","background-type":"","background-media":"","overlay-type":"","overlay-color":"","overlay-opacity":"","overlay-gradient":""},"tablet":{"background-color":"var(--ast-global-color-5)","background-image":"","background-repeat":"repeat","background-position":"center center","background-size":"auto","background-attachment":"scroll","background-type":"","background-media":"","overlay-type":"","overlay-color":"","overlay-opacity":"","overlay-gradient":""},"mobile":{"background-color":"var(--ast-global-color-5)","background-image":"","background-repeat":"repeat","background-position":"center center","background-size":"auto","background-attachment":"scroll","background-type":"","background-media":"","overlay-type":"","overlay-color":"","overlay-opacity":"","overlay-gradient":""}},"footnotes":""},"class_list":["post-648","page","type-page","status-publish","hentry"],"yoast_head":"<!-- This site is optimized with the Yoast SEO plugin v27.2 - https:\/\/yoast.com\/product\/yoast-seo-wordpress\/ -->\n<title>R\u00e9initialisation du mot de passe - Musique d&#039;ambiance pour les spas et instituts de beaut\u00e9<\/title>\n<meta name=\"description\" content=\"D\u00e9couvrez notre biblioth\u00e8que et nos radios, \u00e9coutez de la musique con\u00e7ue pour les instituts de beaut\u00e9, les spas et les salons de massage.\" \/>\n<meta name=\"robots\" content=\"noindex, follow\" \/>\n<meta property=\"og:locale\" content=\"en_US\" \/>\n<meta property=\"og:type\" content=\"article\" \/>\n<meta property=\"og:title\" content=\"R\u00e9initialisation du mot de passe - Musique d&#039;ambiance pour les spas et instituts de beaut\u00e9\" \/>\n<meta property=\"og:description\" content=\"D\u00e9couvrez notre biblioth\u00e8que et nos radios, \u00e9coutez de la musique con\u00e7ue pour les instituts de beaut\u00e9, les spas et les salons de massage.\" \/>\n<meta property=\"og:url\" content=\"https:\/\/musicsource.fr\/us\/reinitialisation-du-mot-de-passe\/\" \/>\n<meta property=\"og:site_name\" content=\"Music Source\" \/>\n<meta property=\"article:publisher\" content=\"https:\/\/www.facebook.com\/MusicSourceFrance\" \/>\n<meta property=\"article:modified_time\" content=\"2024-11-13T14:58:36+00:00\" \/>\n<meta name=\"twitter:card\" content=\"summary_large_image\" \/>\n<meta name=\"twitter:label1\" content=\"Est. reading time\" \/>\n\t<meta name=\"twitter:data1\" content=\"1 minute\" \/>\n<script type=\"application\/ld+json\" class=\"yoast-schema-graph\">{\"@context\":\"https:\/\/schema.org\",\"@graph\":[{\"@type\":\"WebPage\",\"@id\":\"https:\/\/musicsource.fr\/us\/reinitialisation-du-mot-de-passe\/\",\"url\":\"https:\/\/musicsource.fr\/us\/reinitialisation-du-mot-de-passe\/\",\"name\":\"R\u00e9initialisation du mot de passe - Musique d'ambiance pour les spas et instituts de beaut\u00e9\",\"isPartOf\":{\"@id\":\"https:\/\/musicsource.fr\/us\/#website\"},\"datePublished\":\"2024-02-15T13:57:08+00:00\",\"dateModified\":\"2024-11-13T14:58:36+00:00\",\"description\":\"D\u00e9couvrez notre biblioth\u00e8que et nos radios, \u00e9coutez de la musique con\u00e7ue pour les instituts de beaut\u00e9, les spas et les salons de massage.\",\"breadcrumb\":{\"@id\":\"https:\/\/musicsource.fr\/us\/reinitialisation-du-mot-de-passe\/#breadcrumb\"},\"inLanguage\":\"en-US\",\"potentialAction\":[{\"@type\":\"ReadAction\",\"target\":[\"https:\/\/musicsource.fr\/us\/reinitialisation-du-mot-de-passe\/\"]}]},{\"@type\":\"BreadcrumbList\",\"@id\":\"https:\/\/musicsource.fr\/us\/reinitialisation-du-mot-de-passe\/#breadcrumb\",\"itemListElement\":[{\"@type\":\"ListItem\",\"position\":1,\"name\":\"Accueil\",\"item\":\"https:\/\/musicsource.fr\/us\/\"},{\"@type\":\"ListItem\",\"position\":2,\"name\":\"R\u00e9initialisation du mot de passe\"}]},{\"@type\":\"WebSite\",\"@id\":\"https:\/\/musicsource.fr\/us\/#website\",\"url\":\"https:\/\/musicsource.fr\/us\/\",\"name\":\"Music Source\",\"description\":\"The music platform for wellness professionals\",\"publisher\":{\"@id\":\"https:\/\/musicsource.fr\/us\/#organization\"},\"potentialAction\":[{\"@type\":\"SearchAction\",\"target\":{\"@type\":\"EntryPoint\",\"urlTemplate\":\"https:\/\/musicsource.fr\/us\/?s={search_term_string}\"},\"query-input\":{\"@type\":\"PropertyValueSpecification\",\"valueRequired\":true,\"valueName\":\"search_term_string\"}}],\"inLanguage\":\"en-US\"},{\"@type\":\"Organization\",\"@id\":\"https:\/\/musicsource.fr\/us\/#organization\",\"name\":\"Music Source\",\"url\":\"https:\/\/musicsource.fr\/us\/\",\"logo\":{\"@type\":\"ImageObject\",\"inLanguage\":\"en-US\",\"@id\":\"https:\/\/musicsource.fr\/us\/#\/schema\/logo\/image\/\",\"url\":\"https:\/\/musicsource.fr\/us\/wp-content\/uploads\/2024\/06\/logo-good-e1646747199800.png\",\"contentUrl\":\"https:\/\/musicsource.fr\/us\/wp-content\/uploads\/2024\/06\/logo-good-e1646747199800.png\",\"width\":750,\"height\":753,\"caption\":\"Music Source\"},\"image\":{\"@id\":\"https:\/\/musicsource.fr\/us\/#\/schema\/logo\/image\/\"},\"sameAs\":[\"https:\/\/www.facebook.com\/MusicSourceFrance\",\"https:\/\/www.linkedin.com\/company\/musicsource\/\",\"https:\/\/www.instagram.com\/musicsourceapp\/\",\"https:\/\/www.youtube.com\/@MusicSource-jq4do\"]}]}<\/script>\n<!-- \/ Yoast SEO plugin. -->","yoast_head_json":{"title":"R\u00e9initialisation du mot de passe - Musique d'ambiance pour les spas et instituts de beaut\u00e9","description":"D\u00e9couvrez notre biblioth\u00e8que et nos radios, \u00e9coutez de la musique con\u00e7ue pour les instituts de beaut\u00e9, les spas et les salons de massage.","robots":{"index":"noindex","follow":"follow"},"og_locale":"en_US","og_type":"article","og_title":"R\u00e9initialisation du mot de passe - Musique d'ambiance pour les spas et instituts de beaut\u00e9","og_description":"D\u00e9couvrez notre biblioth\u00e8que et nos radios, \u00e9coutez de la musique con\u00e7ue pour les instituts de beaut\u00e9, les spas et les salons de massage.","og_url":"https:\/\/musicsource.fr\/us\/reinitialisation-du-mot-de-passe\/","og_site_name":"Music Source","article_publisher":"https:\/\/www.facebook.com\/MusicSourceFrance","article_modified_time":"2024-11-13T14:58:36+00:00","twitter_card":"summary_large_image","twitter_misc":{"Est. reading time":"1 minute"},"schema":{"@context":"https:\/\/schema.org","@graph":[{"@type":"WebPage","@id":"https:\/\/musicsource.fr\/us\/reinitialisation-du-mot-de-passe\/","url":"https:\/\/musicsource.fr\/us\/reinitialisation-du-mot-de-passe\/","name":"R\u00e9initialisation du mot de passe - Musique d'ambiance pour les spas et instituts de beaut\u00e9","isPartOf":{"@id":"https:\/\/musicsource.fr\/us\/#website"},"datePublished":"2024-02-15T13:57:08+00:00","dateModified":"2024-11-13T14:58:36+00:00","description":"D\u00e9couvrez notre biblioth\u00e8que et nos radios, \u00e9coutez de la musique con\u00e7ue pour les instituts de beaut\u00e9, les spas et les salons de massage.","breadcrumb":{"@id":"https:\/\/musicsource.fr\/us\/reinitialisation-du-mot-de-passe\/#breadcrumb"},"inLanguage":"en-US","potentialAction":[{"@type":"ReadAction","target":["https:\/\/musicsource.fr\/us\/reinitialisation-du-mot-de-passe\/"]}]},{"@type":"BreadcrumbList","@id":"https:\/\/musicsource.fr\/us\/reinitialisation-du-mot-de-passe\/#breadcrumb","itemListElement":[{"@type":"ListItem","position":1,"name":"Accueil","item":"https:\/\/musicsource.fr\/us\/"},{"@type":"ListItem","position":2,"name":"R\u00e9initialisation du mot de passe"}]},{"@type":"WebSite","@id":"https:\/\/musicsource.fr\/us\/#website","url":"https:\/\/musicsource.fr\/us\/","name":"Music Source","description":"The music platform for wellness professionals","publisher":{"@id":"https:\/\/musicsource.fr\/us\/#organization"},"potentialAction":[{"@type":"SearchAction","target":{"@type":"EntryPoint","urlTemplate":"https:\/\/musicsource.fr\/us\/?s={search_term_string}"},"query-input":{"@type":"PropertyValueSpecification","valueRequired":true,"valueName":"search_term_string"}}],"inLanguage":"en-US"},{"@type":"Organization","@id":"https:\/\/musicsource.fr\/us\/#organization","name":"Music Source","url":"https:\/\/musicsource.fr\/us\/","logo":{"@type":"ImageObject","inLanguage":"en-US","@id":"https:\/\/musicsource.fr\/us\/#\/schema\/logo\/image\/","url":"https:\/\/musicsource.fr\/us\/wp-content\/uploads\/2024\/06\/logo-good-e1646747199800.png","contentUrl":"https:\/\/musicsource.fr\/us\/wp-content\/uploads\/2024\/06\/logo-good-e1646747199800.png","width":750,"height":753,"caption":"Music Source"},"image":{"@id":"https:\/\/musicsource.fr\/us\/#\/schema\/logo\/image\/"},"sameAs":["https:\/\/www.facebook.com\/MusicSourceFrance","https:\/\/www.linkedin.com\/company\/musicsource\/","https:\/\/www.instagram.com\/musicsourceapp\/","https:\/\/www.youtube.com\/@MusicSource-jq4do"]}]}},"_links":{"self":[{"href":"https:\/\/musicsource.fr\/us\/wp-json\/wp\/v2\/pages\/648","targetHints":{"allow":["GET"]}}],"collection":[{"href":"https:\/\/musicsource.fr\/us\/wp-json\/wp\/v2\/pages"}],"about":[{"href":"https:\/\/musicsource.fr\/us\/wp-json\/wp\/v2\/types\/page"}],"author":[{"embeddable":true,"href":"https:\/\/musicsource.fr\/us\/wp-json\/wp\/v2\/users\/19"}],"replies":[{"embeddable":true,"href":"https:\/\/musicsource.fr\/us\/wp-json\/wp\/v2\/comments?post=648"}],"version-history":[{"count":38,"href":"https:\/\/musicsource.fr\/us\/wp-json\/wp\/v2\/pages\/648\/revisions"}],"predecessor-version":[{"id":7068,"href":"https:\/\/musicsource.fr\/us\/wp-json\/wp\/v2\/pages\/648\/revisions\/7068"}],"wp:attachment":[{"href":"https:\/\/musicsource.fr\/us\/wp-json\/wp\/v2\/media?parent=648"}],"curies":[{"name":"wp","href":"https:\/\/api.w.org\/{rel}","templated":true}]}}